{"id":968,"date":"2026-01-15T17:46:31","date_gmt":"2026-01-15T16:46:31","guid":{"rendered":"https:\/\/marlona.com\/producto\/bombons-drackania-mix-ametlla-salted-caramel-i-crema-catalana-150-g\/"},"modified":"2026-03-31T10:49:57","modified_gmt":"2026-03-31T08:49:57","slug":"bombons-drackania-mix-ametlla-salted-caramel-i-crema-catalana-150-g","status":"publish","type":"product","link":"https:\/\/marlona.com\/ca\/producto\/bombons-drackania-mix-ametlla-salted-caramel-i-crema-catalana-150-g\/","title":{"rendered":"Bombons Drackania Mix Ametlla, Salted Caramel i Crema Catalana 150g"},"content":{"rendered":"<p>Els bombons Drackania Mix Ametlla, Salted Caramel i Crema Catalana 150g pertanyen a la col\u00b7lecci\u00f3 Casa Vila Fruits, on la xocolata es fon amb la frescor natural de la fruita. Un bomb\u00f3 vibrant, arom\u00e0tic i equilibrat, pensat per a qui busca sabors lleugers i diferents. <\/p>\n","protected":false},"excerpt":{"rendered":"<p>Assortiment de bombons d&#8217;Ametlla, Salted Caramel i Crema Catalana<\/p>\n","protected":false},"featured_media":120,"comment_status":"closed","ping_status":"closed","template":"","meta":[],"product_brand":[],"product_cat":[267,266,268],"product_tag":[270,269,271,272,273,274,276,277,275,278,279,280,281,282,291,292,293,283,290,287,288,284,285,286,289],"class_list":{"0":"post-968","1":"product","2":"type-product","3":"status-publish","4":"has-post-thumbnail","6":"product_cat-bombons-dametlla","7":"product_cat-drackania","8":"product_cat-estuig-de-150-g","9":"product_tag-ametlla-classic","10":"product_tag-ametlla-xocolata-blanca","11":"product_tag-ametlles-amb-caramel","12":"product_tag-ametlles-amb-caramel-i-sal","13":"product_tag-ametlles-amb-crema-catalana","14":"product_tag-ametlles-amb-creme-brulee","15":"product_tag-bombons-amb-crema-catalana","16":"product_tag-bombons-amb-creme-brulee","17":"product_tag-bombons-classic","18":"product_tag-bombons-de-caramel-amb-sal","19":"product_tag-bombons-de-mango","20":"product_tag-bombons-drackania","21":"product_tag-bombons-gourmet","22":"product_tag-bombons-praline-classic","23":"product_tag-drackania","24":"product_tag-drackanias","25":"product_tag-drackanies","26":"product_tag-xocolata","27":"product_tag-xocolata-amb-llet-i-caramel","28":"product_tag-xocolata-amb-mango","29":"product_tag-xocolata-amb-un-punt-de-sal","30":"product_tag-xocolata-blanca-amb-crema-catalana","31":"product_tag-xocolata-blanca-amb-creme-brulee","32":"product_tag-xocolata-classic","33":"product_tag-xocolata-drackania","35":"first","36":"instock","37":"purchasable","38":"product-type-simple"},"yoast_head":"<!-- This site is optimized with the Yoast SEO plugin v27.4 - https:\/\/yoast.com\/product\/yoast-seo-wordpress\/ -->\n<title>Bombons Drackania Mix Ametlla, Salted Caramel i Crema Catalana 150g - Marlona<\/title>\n<meta name=\"robots\" content=\"index, follow, max-snippet:-1, max-image-preview:large, max-video-preview:-1\" \/>\n<link rel=\"canonical\" href=\"https:\/\/marlona.com\/ca\/producto\/bombons-drackania-mix-ametlla-salted-caramel-i-crema-catalana-150-g\/\" \/>\n<meta property=\"og:locale\" content=\"ca_ES\" \/>\n<meta property=\"og:type\" content=\"article\" \/>\n<meta property=\"og:title\" content=\"Bombons Drackania Mix Ametlla, Salted Caramel i Crema Catalana 150g - Marlona\" \/>\n<meta property=\"og:description\" content=\"Assortiment de bombons d&#039;Ametlla, Salted Caramel i Crema Catalana\" \/>\n<meta property=\"og:url\" content=\"https:\/\/marlona.com\/ca\/producto\/bombons-drackania-mix-ametlla-salted-caramel-i-crema-catalana-150-g\/\" \/>\n<meta property=\"og:site_name\" content=\"Marlona\" \/>\n<meta property=\"article:modified_time\" content=\"2026-03-31T08:49:57+00:00\" \/>\n<meta property=\"og:image\" content=\"https:\/\/marlona.com\/wp-content\/uploads\/2026\/01\/bombones-drackania-mix-classic-caramelo-cremacatalana-150gr.jpg\" \/>\n\t<meta property=\"og:image:width\" content=\"1000\" \/>\n\t<meta property=\"og:image:height\" content=\"1000\" \/>\n\t<meta property=\"og:image:type\" content=\"image\/jpeg\" \/>\n<meta name=\"twitter:card\" content=\"summary_large_image\" \/>\n<script type=\"application\/ld+json\" class=\"yoast-schema-graph\">{\"@context\":\"https:\\\/\\\/schema.org\",\"@graph\":[{\"@type\":\"WebPage\",\"@id\":\"https:\\\/\\\/marlona.com\\\/ca\\\/producto\\\/bombons-drackania-mix-ametlla-salted-caramel-i-crema-catalana-150-g\\\/\",\"url\":\"https:\\\/\\\/marlona.com\\\/ca\\\/producto\\\/bombons-drackania-mix-ametlla-salted-caramel-i-crema-catalana-150-g\\\/\",\"name\":\"Bombons Drackania Mix Ametlla, Salted Caramel i Crema Catalana 150g - Marlona\",\"isPartOf\":{\"@id\":\"https:\\\/\\\/marlona.com\\\/ca\\\/#website\"},\"primaryImageOfPage\":{\"@id\":\"https:\\\/\\\/marlona.com\\\/ca\\\/producto\\\/bombons-drackania-mix-ametlla-salted-caramel-i-crema-catalana-150-g\\\/#primaryimage\"},\"image\":{\"@id\":\"https:\\\/\\\/marlona.com\\\/ca\\\/producto\\\/bombons-drackania-mix-ametlla-salted-caramel-i-crema-catalana-150-g\\\/#primaryimage\"},\"thumbnailUrl\":\"https:\\\/\\\/marlona.com\\\/wp-content\\\/uploads\\\/2026\\\/01\\\/bombones-drackania-mix-classic-caramelo-cremacatalana-150gr.jpg\",\"datePublished\":\"2026-01-15T16:46:31+00:00\",\"dateModified\":\"2026-03-31T08:49:57+00:00\",\"breadcrumb\":{\"@id\":\"https:\\\/\\\/marlona.com\\\/ca\\\/producto\\\/bombons-drackania-mix-ametlla-salted-caramel-i-crema-catalana-150-g\\\/#breadcrumb\"},\"inLanguage\":\"ca\",\"potentialAction\":[{\"@type\":\"ReadAction\",\"target\":[\"https:\\\/\\\/marlona.com\\\/ca\\\/producto\\\/bombons-drackania-mix-ametlla-salted-caramel-i-crema-catalana-150-g\\\/\"]}]},{\"@type\":\"ImageObject\",\"inLanguage\":\"ca\",\"@id\":\"https:\\\/\\\/marlona.com\\\/ca\\\/producto\\\/bombons-drackania-mix-ametlla-salted-caramel-i-crema-catalana-150-g\\\/#primaryimage\",\"url\":\"https:\\\/\\\/marlona.com\\\/wp-content\\\/uploads\\\/2026\\\/01\\\/bombones-drackania-mix-classic-caramelo-cremacatalana-150gr.jpg\",\"contentUrl\":\"https:\\\/\\\/marlona.com\\\/wp-content\\\/uploads\\\/2026\\\/01\\\/bombones-drackania-mix-classic-caramelo-cremacatalana-150gr.jpg\",\"width\":1000,\"height\":1000},{\"@type\":\"BreadcrumbList\",\"@id\":\"https:\\\/\\\/marlona.com\\\/ca\\\/producto\\\/bombons-drackania-mix-ametlla-salted-caramel-i-crema-catalana-150-g\\\/#breadcrumb\",\"itemListElement\":[{\"@type\":\"ListItem\",\"position\":1,\"name\":\"Portada\",\"item\":\"https:\\\/\\\/marlona.com\\\/ca\\\/inici\\\/\"},{\"@type\":\"ListItem\",\"position\":2,\"name\":\"Botiga test\",\"item\":\"https:\\\/\\\/marlona.com\\\/ca\\\/botiga\\\/\"},{\"@type\":\"ListItem\",\"position\":3,\"name\":\"Bombons Drackania Mix Ametlla, Salted Caramel i Crema Catalana 150g\"}]},{\"@type\":\"WebSite\",\"@id\":\"https:\\\/\\\/marlona.com\\\/ca\\\/#website\",\"url\":\"https:\\\/\\\/marlona.com\\\/ca\\\/\",\"name\":\"Marlona\",\"description\":\"\",\"potentialAction\":[{\"@type\":\"SearchAction\",\"target\":{\"@type\":\"EntryPoint\",\"urlTemplate\":\"https:\\\/\\\/marlona.com\\\/ca\\\/?s={search_term_string}\"},\"query-input\":{\"@type\":\"PropertyValueSpecification\",\"valueRequired\":true,\"valueName\":\"search_term_string\"}}],\"inLanguage\":\"ca\"}]}<\/script>\n<!-- \/ Yoast SEO plugin. -->","yoast_head_json":{"title":"Bombons Drackania Mix Ametlla, Salted Caramel i Crema Catalana 150g - Marlona","robots":{"index":"index","follow":"follow","max-snippet":"max-snippet:-1","max-image-preview":"max-image-preview:large","max-video-preview":"max-video-preview:-1"},"canonical":"https:\/\/marlona.com\/ca\/producto\/bombons-drackania-mix-ametlla-salted-caramel-i-crema-catalana-150-g\/","og_locale":"ca_ES","og_type":"article","og_title":"Bombons Drackania Mix Ametlla, Salted Caramel i Crema Catalana 150g - Marlona","og_description":"Assortiment de bombons d'Ametlla, Salted Caramel i Crema Catalana","og_url":"https:\/\/marlona.com\/ca\/producto\/bombons-drackania-mix-ametlla-salted-caramel-i-crema-catalana-150-g\/","og_site_name":"Marlona","article_modified_time":"2026-03-31T08:49:57+00:00","og_image":[{"width":1000,"height":1000,"url":"https:\/\/marlona.com\/wp-content\/uploads\/2026\/01\/bombones-drackania-mix-classic-caramelo-cremacatalana-150gr.jpg","type":"image\/jpeg"}],"twitter_card":"summary_large_image","schema":{"@context":"https:\/\/schema.org","@graph":[{"@type":"WebPage","@id":"https:\/\/marlona.com\/ca\/producto\/bombons-drackania-mix-ametlla-salted-caramel-i-crema-catalana-150-g\/","url":"https:\/\/marlona.com\/ca\/producto\/bombons-drackania-mix-ametlla-salted-caramel-i-crema-catalana-150-g\/","name":"Bombons Drackania Mix Ametlla, Salted Caramel i Crema Catalana 150g - Marlona","isPartOf":{"@id":"https:\/\/marlona.com\/ca\/#website"},"primaryImageOfPage":{"@id":"https:\/\/marlona.com\/ca\/producto\/bombons-drackania-mix-ametlla-salted-caramel-i-crema-catalana-150-g\/#primaryimage"},"image":{"@id":"https:\/\/marlona.com\/ca\/producto\/bombons-drackania-mix-ametlla-salted-caramel-i-crema-catalana-150-g\/#primaryimage"},"thumbnailUrl":"https:\/\/marlona.com\/wp-content\/uploads\/2026\/01\/bombones-drackania-mix-classic-caramelo-cremacatalana-150gr.jpg","datePublished":"2026-01-15T16:46:31+00:00","dateModified":"2026-03-31T08:49:57+00:00","breadcrumb":{"@id":"https:\/\/marlona.com\/ca\/producto\/bombons-drackania-mix-ametlla-salted-caramel-i-crema-catalana-150-g\/#breadcrumb"},"inLanguage":"ca","potentialAction":[{"@type":"ReadAction","target":["https:\/\/marlona.com\/ca\/producto\/bombons-drackania-mix-ametlla-salted-caramel-i-crema-catalana-150-g\/"]}]},{"@type":"ImageObject","inLanguage":"ca","@id":"https:\/\/marlona.com\/ca\/producto\/bombons-drackania-mix-ametlla-salted-caramel-i-crema-catalana-150-g\/#primaryimage","url":"https:\/\/marlona.com\/wp-content\/uploads\/2026\/01\/bombones-drackania-mix-classic-caramelo-cremacatalana-150gr.jpg","contentUrl":"https:\/\/marlona.com\/wp-content\/uploads\/2026\/01\/bombones-drackania-mix-classic-caramelo-cremacatalana-150gr.jpg","width":1000,"height":1000},{"@type":"BreadcrumbList","@id":"https:\/\/marlona.com\/ca\/producto\/bombons-drackania-mix-ametlla-salted-caramel-i-crema-catalana-150-g\/#breadcrumb","itemListElement":[{"@type":"ListItem","position":1,"name":"Portada","item":"https:\/\/marlona.com\/ca\/inici\/"},{"@type":"ListItem","position":2,"name":"Botiga test","item":"https:\/\/marlona.com\/ca\/botiga\/"},{"@type":"ListItem","position":3,"name":"Bombons Drackania Mix Ametlla, Salted Caramel i Crema Catalana 150g"}]},{"@type":"WebSite","@id":"https:\/\/marlona.com\/ca\/#website","url":"https:\/\/marlona.com\/ca\/","name":"Marlona","description":"","potentialAction":[{"@type":"SearchAction","target":{"@type":"EntryPoint","urlTemplate":"https:\/\/marlona.com\/ca\/?s={search_term_string}"},"query-input":{"@type":"PropertyValueSpecification","valueRequired":true,"valueName":"search_term_string"}}],"inLanguage":"ca"}]}},"_links":{"self":[{"href":"https:\/\/marlona.com\/ca\/wp-json\/wp\/v2\/product\/968","targetHints":{"allow":["GET"]}}],"collection":[{"href":"https:\/\/marlona.com\/ca\/wp-json\/wp\/v2\/product"}],"about":[{"href":"https:\/\/marlona.com\/ca\/wp-json\/wp\/v2\/types\/product"}],"replies":[{"embeddable":true,"href":"https:\/\/marlona.com\/ca\/wp-json\/wp\/v2\/comments?post=968"}],"wp:featuredmedia":[{"embeddable":true,"href":"https:\/\/marlona.com\/ca\/wp-json\/wp\/v2\/media\/120"}],"wp:attachment":[{"href":"https:\/\/marlona.com\/ca\/wp-json\/wp\/v2\/media?parent=968"}],"wp:term":[{"taxonomy":"product_brand","embeddable":true,"href":"https:\/\/marlona.com\/ca\/wp-json\/wp\/v2\/product_brand?post=968"},{"taxonomy":"product_cat","embeddable":true,"href":"https:\/\/marlona.com\/ca\/wp-json\/wp\/v2\/product_cat?post=968"},{"taxonomy":"product_tag","embeddable":true,"href":"https:\/\/marlona.com\/ca\/wp-json\/wp\/v2\/product_tag?post=968"}],"curies":[{"name":"wp","href":"https:\/\/api.w.org\/{rel}","templated":true}]}}