{"id":382,"date":"2026-01-15T17:46:31","date_gmt":"2026-01-15T16:46:31","guid":{"rendered":"https:\/\/marlona.com\/producto\/casa-vila-toppings-tutti-frutti-con-chocolate-con-leche-125gr\/"},"modified":"2026-03-04T10:46:16","modified_gmt":"2026-03-04T09:46:16","slug":"casa-vila-toppings-tutti-frutti-con-chocolate-con-leche-125gr","status":"publish","type":"product","link":"https:\/\/marlona.com\/ca\/producto\/casa-vila-toppings-tutti-frutti-con-chocolate-con-leche-125gr\/","title":{"rendered":"Casa Vila Toppings Tutti Frutti con chocolate con leche 125gr"},"content":{"rendered":"<p>Casa Vila Toppings Tutti Frutti con chocolate con leche 125gr pertenece a la colecci\u00f3n Casa Vila Fruits, donde el chocolate se funde con la frescura natural de la fruta. Un bomb\u00f3n vibrante, arom\u00e1tico y equilibrado, pensado para quienes buscan sabores ligeros y diferentes.<\/p>\n","protected":false},"excerpt":{"rendered":"<p>Chocolate con topping Tutti Frutti con chocolate con leche.<\/p>\n","protected":false},"featured_media":112,"comment_status":"closed","ping_status":"closed","template":"","meta":[],"product_brand":[],"product_cat":[],"product_tag":[279,281,283,287],"class_list":{"0":"post-382","1":"product","2":"type-product","3":"status-publish","4":"has-post-thumbnail","6":"product_tag-bombons-de-mango","7":"product_tag-bombons-gourmet","8":"product_tag-xocolata","9":"product_tag-xocolata-amb-mango","11":"first","12":"instock","13":"purchasable","14":"product-type-simple"},"yoast_head":"<!-- This site is optimized with the Yoast SEO plugin v27.4 - https:\/\/yoast.com\/product\/yoast-seo-wordpress\/ -->\n<title>Casa Vila Toppings Tutti Frutti con chocolate con leche 125gr - Marlona<\/title>\n<meta name=\"robots\" content=\"index, follow, max-snippet:-1, max-image-preview:large, max-video-preview:-1\" \/>\n<link rel=\"canonical\" href=\"https:\/\/marlona.com\/ca\/producto\/casa-vila-toppings-tutti-frutti-con-chocolate-con-leche-125gr\/\" \/>\n<meta property=\"og:locale\" content=\"ca_ES\" \/>\n<meta property=\"og:type\" content=\"article\" \/>\n<meta property=\"og:title\" content=\"Casa Vila Toppings Tutti Frutti con chocolate con leche 125gr - Marlona\" \/>\n<meta property=\"og:description\" content=\"Chocolate con topping Tutti Frutti con chocolate con leche.\" \/>\n<meta property=\"og:url\" content=\"https:\/\/marlona.com\/ca\/producto\/casa-vila-toppings-tutti-frutti-con-chocolate-con-leche-125gr\/\" \/>\n<meta property=\"og:site_name\" content=\"Marlona\" \/>\n<meta property=\"article:modified_time\" content=\"2026-03-04T09:46:16+00:00\" \/>\n<meta property=\"og:image\" content=\"https:\/\/marlona.com\/wp-content\/uploads\/2026\/01\/bombones-casavila-topping-tuttifrutti-125gr.jpg\" \/>\n\t<meta property=\"og:image:width\" content=\"1000\" \/>\n\t<meta property=\"og:image:height\" content=\"1000\" \/>\n\t<meta property=\"og:image:type\" content=\"image\/jpeg\" \/>\n<meta name=\"twitter:card\" content=\"summary_large_image\" \/>\n<meta name=\"twitter:label1\" content=\"Temps estimat de lectura\" \/>\n\t<meta name=\"twitter:data1\" content=\"1 minut\" \/>\n<script type=\"application\/ld+json\" class=\"yoast-schema-graph\">{\"@context\":\"https:\\\/\\\/schema.org\",\"@graph\":[{\"@type\":\"WebPage\",\"@id\":\"https:\\\/\\\/marlona.com\\\/ca\\\/producto\\\/casa-vila-toppings-tutti-frutti-con-chocolate-con-leche-125gr\\\/\",\"url\":\"https:\\\/\\\/marlona.com\\\/ca\\\/producto\\\/casa-vila-toppings-tutti-frutti-con-chocolate-con-leche-125gr\\\/\",\"name\":\"Casa Vila Toppings Tutti Frutti con chocolate con leche 125gr - Marlona\",\"isPartOf\":{\"@id\":\"https:\\\/\\\/marlona.com\\\/ca\\\/#website\"},\"primaryImageOfPage\":{\"@id\":\"https:\\\/\\\/marlona.com\\\/ca\\\/producto\\\/casa-vila-toppings-tutti-frutti-con-chocolate-con-leche-125gr\\\/#primaryimage\"},\"image\":{\"@id\":\"https:\\\/\\\/marlona.com\\\/ca\\\/producto\\\/casa-vila-toppings-tutti-frutti-con-chocolate-con-leche-125gr\\\/#primaryimage\"},\"thumbnailUrl\":\"https:\\\/\\\/marlona.com\\\/wp-content\\\/uploads\\\/2026\\\/01\\\/bombones-casavila-topping-tuttifrutti-125gr.jpg\",\"datePublished\":\"2026-01-15T16:46:31+00:00\",\"dateModified\":\"2026-03-04T09:46:16+00:00\",\"breadcrumb\":{\"@id\":\"https:\\\/\\\/marlona.com\\\/ca\\\/producto\\\/casa-vila-toppings-tutti-frutti-con-chocolate-con-leche-125gr\\\/#breadcrumb\"},\"inLanguage\":\"ca\",\"potentialAction\":[{\"@type\":\"ReadAction\",\"target\":[\"https:\\\/\\\/marlona.com\\\/ca\\\/producto\\\/casa-vila-toppings-tutti-frutti-con-chocolate-con-leche-125gr\\\/\"]}]},{\"@type\":\"ImageObject\",\"inLanguage\":\"ca\",\"@id\":\"https:\\\/\\\/marlona.com\\\/ca\\\/producto\\\/casa-vila-toppings-tutti-frutti-con-chocolate-con-leche-125gr\\\/#primaryimage\",\"url\":\"https:\\\/\\\/marlona.com\\\/wp-content\\\/uploads\\\/2026\\\/01\\\/bombones-casavila-topping-tuttifrutti-125gr.jpg\",\"contentUrl\":\"https:\\\/\\\/marlona.com\\\/wp-content\\\/uploads\\\/2026\\\/01\\\/bombones-casavila-topping-tuttifrutti-125gr.jpg\",\"width\":1000,\"height\":1000},{\"@type\":\"BreadcrumbList\",\"@id\":\"https:\\\/\\\/marlona.com\\\/ca\\\/producto\\\/casa-vila-toppings-tutti-frutti-con-chocolate-con-leche-125gr\\\/#breadcrumb\",\"itemListElement\":[{\"@type\":\"ListItem\",\"position\":1,\"name\":\"Portada\",\"item\":\"https:\\\/\\\/marlona.com\\\/ca\\\/inici\\\/\"},{\"@type\":\"ListItem\",\"position\":2,\"name\":\"Botiga test\",\"item\":\"https:\\\/\\\/marlona.com\\\/ca\\\/botiga\\\/\"},{\"@type\":\"ListItem\",\"position\":3,\"name\":\"Casa Vila Toppings Tutti Frutti con chocolate con leche 125gr\"}]},{\"@type\":\"WebSite\",\"@id\":\"https:\\\/\\\/marlona.com\\\/ca\\\/#website\",\"url\":\"https:\\\/\\\/marlona.com\\\/ca\\\/\",\"name\":\"Marlona\",\"description\":\"\",\"potentialAction\":[{\"@type\":\"SearchAction\",\"target\":{\"@type\":\"EntryPoint\",\"urlTemplate\":\"https:\\\/\\\/marlona.com\\\/ca\\\/?s={search_term_string}\"},\"query-input\":{\"@type\":\"PropertyValueSpecification\",\"valueRequired\":true,\"valueName\":\"search_term_string\"}}],\"inLanguage\":\"ca\"}]}<\/script>\n<!-- \/ Yoast SEO plugin. -->","yoast_head_json":{"title":"Casa Vila Toppings Tutti Frutti con chocolate con leche 125gr - Marlona","robots":{"index":"index","follow":"follow","max-snippet":"max-snippet:-1","max-image-preview":"max-image-preview:large","max-video-preview":"max-video-preview:-1"},"canonical":"https:\/\/marlona.com\/ca\/producto\/casa-vila-toppings-tutti-frutti-con-chocolate-con-leche-125gr\/","og_locale":"ca_ES","og_type":"article","og_title":"Casa Vila Toppings Tutti Frutti con chocolate con leche 125gr - Marlona","og_description":"Chocolate con topping Tutti Frutti con chocolate con leche.","og_url":"https:\/\/marlona.com\/ca\/producto\/casa-vila-toppings-tutti-frutti-con-chocolate-con-leche-125gr\/","og_site_name":"Marlona","article_modified_time":"2026-03-04T09:46:16+00:00","og_image":[{"width":1000,"height":1000,"url":"https:\/\/marlona.com\/wp-content\/uploads\/2026\/01\/bombones-casavila-topping-tuttifrutti-125gr.jpg","type":"image\/jpeg"}],"twitter_card":"summary_large_image","twitter_misc":{"Temps estimat de lectura":"1 minut"},"schema":{"@context":"https:\/\/schema.org","@graph":[{"@type":"WebPage","@id":"https:\/\/marlona.com\/ca\/producto\/casa-vila-toppings-tutti-frutti-con-chocolate-con-leche-125gr\/","url":"https:\/\/marlona.com\/ca\/producto\/casa-vila-toppings-tutti-frutti-con-chocolate-con-leche-125gr\/","name":"Casa Vila Toppings Tutti Frutti con chocolate con leche 125gr - Marlona","isPartOf":{"@id":"https:\/\/marlona.com\/ca\/#website"},"primaryImageOfPage":{"@id":"https:\/\/marlona.com\/ca\/producto\/casa-vila-toppings-tutti-frutti-con-chocolate-con-leche-125gr\/#primaryimage"},"image":{"@id":"https:\/\/marlona.com\/ca\/producto\/casa-vila-toppings-tutti-frutti-con-chocolate-con-leche-125gr\/#primaryimage"},"thumbnailUrl":"https:\/\/marlona.com\/wp-content\/uploads\/2026\/01\/bombones-casavila-topping-tuttifrutti-125gr.jpg","datePublished":"2026-01-15T16:46:31+00:00","dateModified":"2026-03-04T09:46:16+00:00","breadcrumb":{"@id":"https:\/\/marlona.com\/ca\/producto\/casa-vila-toppings-tutti-frutti-con-chocolate-con-leche-125gr\/#breadcrumb"},"inLanguage":"ca","potentialAction":[{"@type":"ReadAction","target":["https:\/\/marlona.com\/ca\/producto\/casa-vila-toppings-tutti-frutti-con-chocolate-con-leche-125gr\/"]}]},{"@type":"ImageObject","inLanguage":"ca","@id":"https:\/\/marlona.com\/ca\/producto\/casa-vila-toppings-tutti-frutti-con-chocolate-con-leche-125gr\/#primaryimage","url":"https:\/\/marlona.com\/wp-content\/uploads\/2026\/01\/bombones-casavila-topping-tuttifrutti-125gr.jpg","contentUrl":"https:\/\/marlona.com\/wp-content\/uploads\/2026\/01\/bombones-casavila-topping-tuttifrutti-125gr.jpg","width":1000,"height":1000},{"@type":"BreadcrumbList","@id":"https:\/\/marlona.com\/ca\/producto\/casa-vila-toppings-tutti-frutti-con-chocolate-con-leche-125gr\/#breadcrumb","itemListElement":[{"@type":"ListItem","position":1,"name":"Portada","item":"https:\/\/marlona.com\/ca\/inici\/"},{"@type":"ListItem","position":2,"name":"Botiga test","item":"https:\/\/marlona.com\/ca\/botiga\/"},{"@type":"ListItem","position":3,"name":"Casa Vila Toppings Tutti Frutti con chocolate con leche 125gr"}]},{"@type":"WebSite","@id":"https:\/\/marlona.com\/ca\/#website","url":"https:\/\/marlona.com\/ca\/","name":"Marlona","description":"","potentialAction":[{"@type":"SearchAction","target":{"@type":"EntryPoint","urlTemplate":"https:\/\/marlona.com\/ca\/?s={search_term_string}"},"query-input":{"@type":"PropertyValueSpecification","valueRequired":true,"valueName":"search_term_string"}}],"inLanguage":"ca"}]}},"_links":{"self":[{"href":"https:\/\/marlona.com\/ca\/wp-json\/wp\/v2\/product\/382","targetHints":{"allow":["GET"]}}],"collection":[{"href":"https:\/\/marlona.com\/ca\/wp-json\/wp\/v2\/product"}],"about":[{"href":"https:\/\/marlona.com\/ca\/wp-json\/wp\/v2\/types\/product"}],"replies":[{"embeddable":true,"href":"https:\/\/marlona.com\/ca\/wp-json\/wp\/v2\/comments?post=382"}],"wp:featuredmedia":[{"embeddable":true,"href":"https:\/\/marlona.com\/ca\/wp-json\/wp\/v2\/media\/112"}],"wp:attachment":[{"href":"https:\/\/marlona.com\/ca\/wp-json\/wp\/v2\/media?parent=382"}],"wp:term":[{"taxonomy":"product_brand","embeddable":true,"href":"https:\/\/marlona.com\/ca\/wp-json\/wp\/v2\/product_brand?post=382"},{"taxonomy":"product_cat","embeddable":true,"href":"https:\/\/marlona.com\/ca\/wp-json\/wp\/v2\/product_cat?post=382"},{"taxonomy":"product_tag","embeddable":true,"href":"https:\/\/marlona.com\/ca\/wp-json\/wp\/v2\/product_tag?post=382"}],"curies":[{"name":"wp","href":"https:\/\/api.w.org\/{rel}","templated":true}]}}