{"id":1162,"date":"2026-01-15T17:46:14","date_gmt":"2026-01-15T16:46:14","guid":{"rendered":"https:\/\/marlona.com\/producto\/bombons-marlona-classic-mix-tiramisu-cafe-i-crema-catalana-240g\/"},"modified":"2026-03-31T11:59:03","modified_gmt":"2026-03-31T09:59:03","slug":"bombons-marlona-classic-mix-tiramisu-cafe-i-crema-catalana-240g","status":"publish","type":"product","link":"https:\/\/marlona.com\/ca\/producto\/bombons-marlona-classic-mix-tiramisu-cafe-i-crema-catalana-240g\/","title":{"rendered":"Bombons Marlona Classic Mix Tiramis\u00fa, Caf\u00e8 i Crema Catalana 240g"},"content":{"rendered":"<p>Bombons Marlona Classic Mix Tiramis\u00fa, Caf\u00e8 i Crema Catalana 240g forma part de la col\u00b7lecci\u00f3 Marlona, elaborada amb ametlla caramel\u00b7litzada i recoberta amb xocolata d&#8217;alta qualitat. Un bomb\u00f3 de textura cruixent i sabor equilibrat, ideal per acompanyar un caf\u00e8, una sobretaula especial o per regalar amb eleg\u00e0ncia.<\/p>\n","protected":false},"excerpt":{"rendered":"<p>Assortiment de bombons d&#8217;ametlles caramel\u00b7litzades del Mediterrani amb Tiramis\u00fa, Caf\u00e8 i Crema Catalana<\/p>\n","protected":false},"featured_media":0,"comment_status":"closed","ping_status":"closed","template":"","meta":[],"product_brand":[],"product_cat":[413,295,362],"product_tag":[418,273,274,432,435,302,298,276,277,431,417,434,309,281,307,300,301,304,306,305,299,283,303,284,285,430,433,308,416],"class_list":{"0":"post-1162","1":"product","2":"type-product","3":"status-publish","5":"product_cat-estoig-240gr","6":"product_cat-marlona","7":"product_cat-marlona-classic","8":"product_tag-ametlles-amb-cafe","9":"product_tag-ametlles-amb-crema-catalana","10":"product_tag-ametlles-amb-creme-brulee","11":"product_tag-ametlles-amb-praline-i-tiramisu","12":"product_tag-ametlles-amb-tiramisu","13":"product_tag-ametlles-caramellitzades","14":"product_tag-ametlles-garrapinyades","15":"product_tag-bombons-amb-crema-catalana","16":"product_tag-bombons-amb-creme-brulee","17":"product_tag-bombons-amb-praline-i-tiramisu","18":"product_tag-bombons-de-cafe","19":"product_tag-bombons-de-tiramisu","20":"product_tag-bombons-delicatessen","21":"product_tag-bombons-gourmet","22":"product_tag-bombons-marlona","23":"product_tag-bombons-praline","24":"product_tag-fruits-secs","25":"product_tag-marlona","26":"product_tag-marlonas","27":"product_tag-marlones","28":"product_tag-praline-ametlles","29":"product_tag-xocolata","30":"product_tag-xocolata-blanca","31":"product_tag-xocolata-blanca-amb-crema-catalana","32":"product_tag-xocolata-blanca-amb-creme-brulee","33":"product_tag-xocolata-blanca-amb-praline-i-tiramisu","34":"product_tag-xocolata-blanca-amb-tiramisu","35":"product_tag-xocolata-marlona","36":"product_tag-xocolata-negra-amb-cafe","38":"first","39":"instock","40":"purchasable","41":"product-type-simple"},"yoast_head":"<!-- This site is optimized with the Yoast SEO plugin v27.1.1 - https:\/\/yoast.com\/product\/yoast-seo-wordpress\/ -->\n<title>Bombons Marlona Classic Mix Tiramis\u00fa, Caf\u00e8 i Crema Catalana 240g - Marlona<\/title>\n<meta name=\"robots\" content=\"index, follow, max-snippet:-1, max-image-preview:large, max-video-preview:-1\" \/>\n<link rel=\"canonical\" href=\"https:\/\/marlona.com\/ca\/producto\/bombons-marlona-classic-mix-tiramisu-cafe-i-crema-catalana-240g\/\" \/>\n<meta property=\"og:locale\" content=\"ca_ES\" \/>\n<meta property=\"og:type\" content=\"article\" \/>\n<meta property=\"og:title\" content=\"Bombons Marlona Classic Mix Tiramis\u00fa, Caf\u00e8 i Crema Catalana 240g - Marlona\" \/>\n<meta property=\"og:description\" content=\"Assortiment de bombons d&#039;ametlles caramel\u00b7litzades del Mediterrani amb Tiramis\u00fa, Caf\u00e8 i Crema Catalana\" \/>\n<meta property=\"og:url\" content=\"https:\/\/marlona.com\/ca\/producto\/bombons-marlona-classic-mix-tiramisu-cafe-i-crema-catalana-240g\/\" \/>\n<meta property=\"og:site_name\" content=\"Marlona\" \/>\n<meta property=\"article:modified_time\" content=\"2026-03-31T09:59:03+00:00\" \/>\n<meta name=\"twitter:card\" content=\"summary_large_image\" \/>\n<script type=\"application\/ld+json\" class=\"yoast-schema-graph\">{\"@context\":\"https:\/\/schema.org\",\"@graph\":[{\"@type\":\"WebPage\",\"@id\":\"https:\/\/marlona.com\/ca\/producto\/bombons-marlona-classic-mix-tiramisu-cafe-i-crema-catalana-240g\/\",\"url\":\"https:\/\/marlona.com\/ca\/producto\/bombons-marlona-classic-mix-tiramisu-cafe-i-crema-catalana-240g\/\",\"name\":\"Bombons Marlona Classic Mix Tiramis\u00fa, Caf\u00e8 i Crema Catalana 240g - Marlona\",\"isPartOf\":{\"@id\":\"https:\/\/marlona.com\/ca\/#website\"},\"datePublished\":\"2026-01-15T16:46:14+00:00\",\"dateModified\":\"2026-03-31T09:59:03+00:00\",\"breadcrumb\":{\"@id\":\"https:\/\/marlona.com\/ca\/producto\/bombons-marlona-classic-mix-tiramisu-cafe-i-crema-catalana-240g\/#breadcrumb\"},\"inLanguage\":\"ca\",\"potentialAction\":[{\"@type\":\"ReadAction\",\"target\":[\"https:\/\/marlona.com\/ca\/producto\/bombons-marlona-classic-mix-tiramisu-cafe-i-crema-catalana-240g\/\"]}]},{\"@type\":\"BreadcrumbList\",\"@id\":\"https:\/\/marlona.com\/ca\/producto\/bombons-marlona-classic-mix-tiramisu-cafe-i-crema-catalana-240g\/#breadcrumb\",\"itemListElement\":[{\"@type\":\"ListItem\",\"position\":1,\"name\":\"Portada\",\"item\":\"https:\/\/marlona.com\/ca\/inici\/\"},{\"@type\":\"ListItem\",\"position\":2,\"name\":\"Botiga test\",\"item\":\"https:\/\/marlona.com\/ca\/botiga\/\"},{\"@type\":\"ListItem\",\"position\":3,\"name\":\"Bombons Marlona Classic Mix Tiramis\u00fa, Caf\u00e8 i Crema Catalana 240g\"}]},{\"@type\":\"WebSite\",\"@id\":\"https:\/\/marlona.com\/ca\/#website\",\"url\":\"https:\/\/marlona.com\/ca\/\",\"name\":\"Marlona\",\"description\":\"\",\"potentialAction\":[{\"@type\":\"SearchAction\",\"target\":{\"@type\":\"EntryPoint\",\"urlTemplate\":\"https:\/\/marlona.com\/ca\/?s={search_term_string}\"},\"query-input\":{\"@type\":\"PropertyValueSpecification\",\"valueRequired\":true,\"valueName\":\"search_term_string\"}}],\"inLanguage\":\"ca\"}]}<\/script>\n<!-- \/ Yoast SEO plugin. -->","yoast_head_json":{"title":"Bombons Marlona Classic Mix Tiramis\u00fa, Caf\u00e8 i Crema Catalana 240g - Marlona","robots":{"index":"index","follow":"follow","max-snippet":"max-snippet:-1","max-image-preview":"max-image-preview:large","max-video-preview":"max-video-preview:-1"},"canonical":"https:\/\/marlona.com\/ca\/producto\/bombons-marlona-classic-mix-tiramisu-cafe-i-crema-catalana-240g\/","og_locale":"ca_ES","og_type":"article","og_title":"Bombons Marlona Classic Mix Tiramis\u00fa, Caf\u00e8 i Crema Catalana 240g - Marlona","og_description":"Assortiment de bombons d'ametlles caramel\u00b7litzades del Mediterrani amb Tiramis\u00fa, Caf\u00e8 i Crema Catalana","og_url":"https:\/\/marlona.com\/ca\/producto\/bombons-marlona-classic-mix-tiramisu-cafe-i-crema-catalana-240g\/","og_site_name":"Marlona","article_modified_time":"2026-03-31T09:59:03+00:00","twitter_card":"summary_large_image","schema":{"@context":"https:\/\/schema.org","@graph":[{"@type":"WebPage","@id":"https:\/\/marlona.com\/ca\/producto\/bombons-marlona-classic-mix-tiramisu-cafe-i-crema-catalana-240g\/","url":"https:\/\/marlona.com\/ca\/producto\/bombons-marlona-classic-mix-tiramisu-cafe-i-crema-catalana-240g\/","name":"Bombons Marlona Classic Mix Tiramis\u00fa, Caf\u00e8 i Crema Catalana 240g - Marlona","isPartOf":{"@id":"https:\/\/marlona.com\/ca\/#website"},"datePublished":"2026-01-15T16:46:14+00:00","dateModified":"2026-03-31T09:59:03+00:00","breadcrumb":{"@id":"https:\/\/marlona.com\/ca\/producto\/bombons-marlona-classic-mix-tiramisu-cafe-i-crema-catalana-240g\/#breadcrumb"},"inLanguage":"ca","potentialAction":[{"@type":"ReadAction","target":["https:\/\/marlona.com\/ca\/producto\/bombons-marlona-classic-mix-tiramisu-cafe-i-crema-catalana-240g\/"]}]},{"@type":"BreadcrumbList","@id":"https:\/\/marlona.com\/ca\/producto\/bombons-marlona-classic-mix-tiramisu-cafe-i-crema-catalana-240g\/#breadcrumb","itemListElement":[{"@type":"ListItem","position":1,"name":"Portada","item":"https:\/\/marlona.com\/ca\/inici\/"},{"@type":"ListItem","position":2,"name":"Botiga test","item":"https:\/\/marlona.com\/ca\/botiga\/"},{"@type":"ListItem","position":3,"name":"Bombons Marlona Classic Mix Tiramis\u00fa, Caf\u00e8 i Crema Catalana 240g"}]},{"@type":"WebSite","@id":"https:\/\/marlona.com\/ca\/#website","url":"https:\/\/marlona.com\/ca\/","name":"Marlona","description":"","potentialAction":[{"@type":"SearchAction","target":{"@type":"EntryPoint","urlTemplate":"https:\/\/marlona.com\/ca\/?s={search_term_string}"},"query-input":{"@type":"PropertyValueSpecification","valueRequired":true,"valueName":"search_term_string"}}],"inLanguage":"ca"}]}},"_links":{"self":[{"href":"https:\/\/marlona.com\/ca\/wp-json\/wp\/v2\/product\/1162","targetHints":{"allow":["GET"]}}],"collection":[{"href":"https:\/\/marlona.com\/ca\/wp-json\/wp\/v2\/product"}],"about":[{"href":"https:\/\/marlona.com\/ca\/wp-json\/wp\/v2\/types\/product"}],"replies":[{"embeddable":true,"href":"https:\/\/marlona.com\/ca\/wp-json\/wp\/v2\/comments?post=1162"}],"wp:attachment":[{"href":"https:\/\/marlona.com\/ca\/wp-json\/wp\/v2\/media?parent=1162"}],"wp:term":[{"taxonomy":"product_brand","embeddable":true,"href":"https:\/\/marlona.com\/ca\/wp-json\/wp\/v2\/product_brand?post=1162"},{"taxonomy":"product_cat","embeddable":true,"href":"https:\/\/marlona.com\/ca\/wp-json\/wp\/v2\/product_cat?post=1162"},{"taxonomy":"product_tag","embeddable":true,"href":"https:\/\/marlona.com\/ca\/wp-json\/wp\/v2\/product_tag?post=1162"}],"curies":[{"name":"wp","href":"https:\/\/api.w.org\/{rel}","templated":true}]}}