{"id":1160,"date":"2026-01-15T17:46:14","date_gmt":"2026-01-15T16:46:14","guid":{"rendered":"https:\/\/marlona.com\/producto\/bombons-marlona-classic-mix-fruits-vermells-coco-i-matcha-240g\/"},"modified":"2026-03-31T12:12:31","modified_gmt":"2026-03-31T10:12:31","slug":"bombons-marlona-classic-mix-fruits-vermells-coco-i-matcha-240g","status":"publish","type":"product","link":"https:\/\/marlona.com\/ca\/producto\/bombons-marlona-classic-mix-fruits-vermells-coco-i-matcha-240g\/","title":{"rendered":"Bombons Marlona Classic Mix Fruits Vermells, Coco i Matcha 240g"},"content":{"rendered":"<p>Bombons Marlona Classic Mix Fruits Vermells, Coco i Matcha 240g forma part de la col\u00b7lecci\u00f3 Marlona, elaborada amb ametlla caramel\u00b7litzada i recoberta amb xocolata d\u2019alta qualitat. Un bomb\u00f3 de textura cruixent i sabor equilibrat, ideal per acompanyar un caf\u00e8, una sobretaula especial o per regalar amb eleg\u00e0ncia.<\/p>\n","protected":false},"excerpt":{"rendered":"<p>Assortiment de bombons d\u2019ametlles caramel\u00b7litzades del Mediterrani amb Fruits Vermells, Coco i Matcha<\/p>\n","protected":false},"featured_media":134,"comment_status":"closed","ping_status":"closed","template":"","meta":[],"product_brand":[],"product_cat":[413,295,362],"product_tag":[368,383,387,377,351,366,380,386,374,371,302,298,365,379,385,373,370,367,328,382,376,350,309,281,307,300,301,304,306,305,299,283,303,310,381,326,375,327,364,378,384,372,369,308],"class_list":{"0":"post-1160","1":"product","2":"type-product","3":"status-publish","4":"has-post-thumbnail","6":"product_cat-estoig-240gr","7":"product_cat-marlona","8":"product_cat-marlona-classic","9":"product_tag-ametlles-amb-coco","10":"product_tag-ametlles-amb-fruits-del-bosc","11":"product_tag-ametlles-amb-fruits-vermells","12":"product_tag-ametlles-amb-gerd","13":"product_tag-ametlles-amb-matcha","14":"product_tag-ametlles-amb-praline-i-coco","15":"product_tag-ametlles-amb-praline-i-fruits-del-bosc","16":"product_tag-ametlles-amb-praline-i-fruits-vermells","17":"product_tag-ametlles-amb-praline-i-gerd","18":"product_tag-ametlles-amb-praline-i-matcha","19":"product_tag-ametlles-caramellitzades","20":"product_tag-ametlles-garrapinyades","21":"product_tag-bombons-amb-praline-i-coco","22":"product_tag-bombons-amb-praline-i-fruits-del-bosc","23":"product_tag-bombons-amb-praline-i-fruits-vermells","24":"product_tag-bombons-amb-praline-i-gerd","25":"product_tag-bombons-amb-praline-i-matcha","26":"product_tag-bombons-de-coco","27":"product_tag-bombons-de-fruites-vermelles","28":"product_tag-bombons-de-fruits-del-bosc-2","29":"product_tag-bombons-de-gerd","30":"product_tag-bombons-de-matcha","31":"product_tag-bombons-delicatessen","32":"product_tag-bombons-gourmet","33":"product_tag-bombons-marlona","34":"product_tag-bombons-praline","35":"product_tag-fruits-secs","36":"product_tag-marlona","37":"product_tag-marlonas","38":"product_tag-marlones","39":"product_tag-praline-ametlles","40":"product_tag-xocolata","41":"product_tag-xocolata-blanca","42":"product_tag-xocolata-blanca-amb-coco","43":"product_tag-xocolata-blanca-amb-fruits-del-bosc","44":"product_tag-xocolata-blanca-amb-fruits-vermells","45":"product_tag-xocolata-blanca-amb-gerd","46":"product_tag-xocolata-blanca-amb-matcha","47":"product_tag-xocolata-blanca-amb-praline-i-coco","48":"product_tag-xocolata-blanca-amb-praline-i-fruits-del-bosc","49":"product_tag-xocolata-blanca-amb-praline-i-fruits-vermells","50":"product_tag-xocolata-blanca-amb-praline-i-gerd","51":"product_tag-xocolata-blanca-amb-praline-i-matcha","52":"product_tag-xocolata-marlona","54":"first","55":"instock","56":"purchasable","57":"product-type-simple"},"yoast_head":"<!-- This site is optimized with the Yoast SEO plugin v27.1.1 - https:\/\/yoast.com\/product\/yoast-seo-wordpress\/ -->\n<title>Bombons Marlona Classic Mix Fruits Vermells, Coco i Matcha 240g - Marlona<\/title>\n<meta name=\"robots\" content=\"index, follow, max-snippet:-1, max-image-preview:large, max-video-preview:-1\" \/>\n<link rel=\"canonical\" href=\"https:\/\/marlona.com\/ca\/producto\/bombons-marlona-classic-mix-fruits-vermells-coco-i-matcha-240g\/\" \/>\n<meta property=\"og:locale\" content=\"ca_ES\" \/>\n<meta property=\"og:type\" content=\"article\" \/>\n<meta property=\"og:title\" content=\"Bombons Marlona Classic Mix Fruits Vermells, Coco i Matcha 240g - Marlona\" \/>\n<meta property=\"og:description\" content=\"Assortiment de bombons d\u2019ametlles caramel\u00b7litzades del Mediterrani amb Fruits Vermells, Coco i Matcha\" \/>\n<meta property=\"og:url\" content=\"https:\/\/marlona.com\/ca\/producto\/bombons-marlona-classic-mix-fruits-vermells-coco-i-matcha-240g\/\" \/>\n<meta property=\"og:site_name\" content=\"Marlona\" \/>\n<meta property=\"article:modified_time\" content=\"2026-03-31T10:12:31+00:00\" \/>\n<meta property=\"og:image\" content=\"https:\/\/marlona.com\/wp-content\/uploads\/2026\/01\/bombones-marlona-mix-frutosrojos-coco-matcha-240gr.jpg\" \/>\n\t<meta property=\"og:image:width\" content=\"1000\" \/>\n\t<meta property=\"og:image:height\" content=\"1000\" \/>\n\t<meta property=\"og:image:type\" content=\"image\/jpeg\" \/>\n<meta name=\"twitter:card\" content=\"summary_large_image\" \/>\n<script type=\"application\/ld+json\" class=\"yoast-schema-graph\">{\"@context\":\"https:\/\/schema.org\",\"@graph\":[{\"@type\":\"WebPage\",\"@id\":\"https:\/\/marlona.com\/ca\/producto\/bombons-marlona-classic-mix-fruits-vermells-coco-i-matcha-240g\/\",\"url\":\"https:\/\/marlona.com\/ca\/producto\/bombons-marlona-classic-mix-fruits-vermells-coco-i-matcha-240g\/\",\"name\":\"Bombons Marlona Classic Mix Fruits Vermells, Coco i Matcha 240g - Marlona\",\"isPartOf\":{\"@id\":\"https:\/\/marlona.com\/ca\/#website\"},\"primaryImageOfPage\":{\"@id\":\"https:\/\/marlona.com\/ca\/producto\/bombons-marlona-classic-mix-fruits-vermells-coco-i-matcha-240g\/#primaryimage\"},\"image\":{\"@id\":\"https:\/\/marlona.com\/ca\/producto\/bombons-marlona-classic-mix-fruits-vermells-coco-i-matcha-240g\/#primaryimage\"},\"thumbnailUrl\":\"https:\/\/marlona.com\/wp-content\/uploads\/2026\/01\/bombones-marlona-mix-frutosrojos-coco-matcha-240gr.jpg\",\"datePublished\":\"2026-01-15T16:46:14+00:00\",\"dateModified\":\"2026-03-31T10:12:31+00:00\",\"breadcrumb\":{\"@id\":\"https:\/\/marlona.com\/ca\/producto\/bombons-marlona-classic-mix-fruits-vermells-coco-i-matcha-240g\/#breadcrumb\"},\"inLanguage\":\"ca\",\"potentialAction\":[{\"@type\":\"ReadAction\",\"target\":[\"https:\/\/marlona.com\/ca\/producto\/bombons-marlona-classic-mix-fruits-vermells-coco-i-matcha-240g\/\"]}]},{\"@type\":\"ImageObject\",\"inLanguage\":\"ca\",\"@id\":\"https:\/\/marlona.com\/ca\/producto\/bombons-marlona-classic-mix-fruits-vermells-coco-i-matcha-240g\/#primaryimage\",\"url\":\"https:\/\/marlona.com\/wp-content\/uploads\/2026\/01\/bombones-marlona-mix-frutosrojos-coco-matcha-240gr.jpg\",\"contentUrl\":\"https:\/\/marlona.com\/wp-content\/uploads\/2026\/01\/bombones-marlona-mix-frutosrojos-coco-matcha-240gr.jpg\",\"width\":1000,\"height\":1000},{\"@type\":\"BreadcrumbList\",\"@id\":\"https:\/\/marlona.com\/ca\/producto\/bombons-marlona-classic-mix-fruits-vermells-coco-i-matcha-240g\/#breadcrumb\",\"itemListElement\":[{\"@type\":\"ListItem\",\"position\":1,\"name\":\"Portada\",\"item\":\"https:\/\/marlona.com\/ca\/inici\/\"},{\"@type\":\"ListItem\",\"position\":2,\"name\":\"Botiga test\",\"item\":\"https:\/\/marlona.com\/ca\/botiga\/\"},{\"@type\":\"ListItem\",\"position\":3,\"name\":\"Bombons Marlona Classic Mix Fruits Vermells, Coco i Matcha 240g\"}]},{\"@type\":\"WebSite\",\"@id\":\"https:\/\/marlona.com\/ca\/#website\",\"url\":\"https:\/\/marlona.com\/ca\/\",\"name\":\"Marlona\",\"description\":\"\",\"potentialAction\":[{\"@type\":\"SearchAction\",\"target\":{\"@type\":\"EntryPoint\",\"urlTemplate\":\"https:\/\/marlona.com\/ca\/?s={search_term_string}\"},\"query-input\":{\"@type\":\"PropertyValueSpecification\",\"valueRequired\":true,\"valueName\":\"search_term_string\"}}],\"inLanguage\":\"ca\"}]}<\/script>\n<!-- \/ Yoast SEO plugin. -->","yoast_head_json":{"title":"Bombons Marlona Classic Mix Fruits Vermells, Coco i Matcha 240g - Marlona","robots":{"index":"index","follow":"follow","max-snippet":"max-snippet:-1","max-image-preview":"max-image-preview:large","max-video-preview":"max-video-preview:-1"},"canonical":"https:\/\/marlona.com\/ca\/producto\/bombons-marlona-classic-mix-fruits-vermells-coco-i-matcha-240g\/","og_locale":"ca_ES","og_type":"article","og_title":"Bombons Marlona Classic Mix Fruits Vermells, Coco i Matcha 240g - Marlona","og_description":"Assortiment de bombons d\u2019ametlles caramel\u00b7litzades del Mediterrani amb Fruits Vermells, Coco i Matcha","og_url":"https:\/\/marlona.com\/ca\/producto\/bombons-marlona-classic-mix-fruits-vermells-coco-i-matcha-240g\/","og_site_name":"Marlona","article_modified_time":"2026-03-31T10:12:31+00:00","og_image":[{"width":1000,"height":1000,"url":"https:\/\/marlona.com\/wp-content\/uploads\/2026\/01\/bombones-marlona-mix-frutosrojos-coco-matcha-240gr.jpg","type":"image\/jpeg"}],"twitter_card":"summary_large_image","schema":{"@context":"https:\/\/schema.org","@graph":[{"@type":"WebPage","@id":"https:\/\/marlona.com\/ca\/producto\/bombons-marlona-classic-mix-fruits-vermells-coco-i-matcha-240g\/","url":"https:\/\/marlona.com\/ca\/producto\/bombons-marlona-classic-mix-fruits-vermells-coco-i-matcha-240g\/","name":"Bombons Marlona Classic Mix Fruits Vermells, Coco i Matcha 240g - Marlona","isPartOf":{"@id":"https:\/\/marlona.com\/ca\/#website"},"primaryImageOfPage":{"@id":"https:\/\/marlona.com\/ca\/producto\/bombons-marlona-classic-mix-fruits-vermells-coco-i-matcha-240g\/#primaryimage"},"image":{"@id":"https:\/\/marlona.com\/ca\/producto\/bombons-marlona-classic-mix-fruits-vermells-coco-i-matcha-240g\/#primaryimage"},"thumbnailUrl":"https:\/\/marlona.com\/wp-content\/uploads\/2026\/01\/bombones-marlona-mix-frutosrojos-coco-matcha-240gr.jpg","datePublished":"2026-01-15T16:46:14+00:00","dateModified":"2026-03-31T10:12:31+00:00","breadcrumb":{"@id":"https:\/\/marlona.com\/ca\/producto\/bombons-marlona-classic-mix-fruits-vermells-coco-i-matcha-240g\/#breadcrumb"},"inLanguage":"ca","potentialAction":[{"@type":"ReadAction","target":["https:\/\/marlona.com\/ca\/producto\/bombons-marlona-classic-mix-fruits-vermells-coco-i-matcha-240g\/"]}]},{"@type":"ImageObject","inLanguage":"ca","@id":"https:\/\/marlona.com\/ca\/producto\/bombons-marlona-classic-mix-fruits-vermells-coco-i-matcha-240g\/#primaryimage","url":"https:\/\/marlona.com\/wp-content\/uploads\/2026\/01\/bombones-marlona-mix-frutosrojos-coco-matcha-240gr.jpg","contentUrl":"https:\/\/marlona.com\/wp-content\/uploads\/2026\/01\/bombones-marlona-mix-frutosrojos-coco-matcha-240gr.jpg","width":1000,"height":1000},{"@type":"BreadcrumbList","@id":"https:\/\/marlona.com\/ca\/producto\/bombons-marlona-classic-mix-fruits-vermells-coco-i-matcha-240g\/#breadcrumb","itemListElement":[{"@type":"ListItem","position":1,"name":"Portada","item":"https:\/\/marlona.com\/ca\/inici\/"},{"@type":"ListItem","position":2,"name":"Botiga test","item":"https:\/\/marlona.com\/ca\/botiga\/"},{"@type":"ListItem","position":3,"name":"Bombons Marlona Classic Mix Fruits Vermells, Coco i Matcha 240g"}]},{"@type":"WebSite","@id":"https:\/\/marlona.com\/ca\/#website","url":"https:\/\/marlona.com\/ca\/","name":"Marlona","description":"","potentialAction":[{"@type":"SearchAction","target":{"@type":"EntryPoint","urlTemplate":"https:\/\/marlona.com\/ca\/?s={search_term_string}"},"query-input":{"@type":"PropertyValueSpecification","valueRequired":true,"valueName":"search_term_string"}}],"inLanguage":"ca"}]}},"_links":{"self":[{"href":"https:\/\/marlona.com\/ca\/wp-json\/wp\/v2\/product\/1160","targetHints":{"allow":["GET"]}}],"collection":[{"href":"https:\/\/marlona.com\/ca\/wp-json\/wp\/v2\/product"}],"about":[{"href":"https:\/\/marlona.com\/ca\/wp-json\/wp\/v2\/types\/product"}],"replies":[{"embeddable":true,"href":"https:\/\/marlona.com\/ca\/wp-json\/wp\/v2\/comments?post=1160"}],"wp:featuredmedia":[{"embeddable":true,"href":"https:\/\/marlona.com\/ca\/wp-json\/wp\/v2\/media\/134"}],"wp:attachment":[{"href":"https:\/\/marlona.com\/ca\/wp-json\/wp\/v2\/media?parent=1160"}],"wp:term":[{"taxonomy":"product_brand","embeddable":true,"href":"https:\/\/marlona.com\/ca\/wp-json\/wp\/v2\/product_brand?post=1160"},{"taxonomy":"product_cat","embeddable":true,"href":"https:\/\/marlona.com\/ca\/wp-json\/wp\/v2\/product_cat?post=1160"},{"taxonomy":"product_tag","embeddable":true,"href":"https:\/\/marlona.com\/ca\/wp-json\/wp\/v2\/product_tag?post=1160"}],"curies":[{"name":"wp","href":"https:\/\/api.w.org\/{rel}","templated":true}]}}