{"id":986,"date":"2026-02-06T16:35:41","date_gmt":"2026-02-06T15:35:41","guid":{"rendered":"https:\/\/marlona.com\/politica-de-cookies\/"},"modified":"2026-04-07T13:24:03","modified_gmt":"2026-04-07T11:24:03","slug":"politica-de-cookies","status":"publish","type":"page","link":"https:\/\/marlona.com\/ca\/politica-de-cookies\/","title":{"rendered":"Pol\u00edtica de cookies"},"content":{"rendered":"\t\t<div data-elementor-type=\"wp-page\" data-elementor-id=\"986\" class=\"elementor elementor-986 elementor-700\" data-elementor-post-type=\"page\">\n\t\t\t\t<div class=\"elementor-element elementor-element-9d06c30 e-con-full e-flex e-con e-parent\" data-id=\"9d06c30\" data-element_type=\"container\" data-e-type=\"container\">\n\t\t<div class=\"elementor-element elementor-element-7e2c944 e-flex e-con-boxed e-con e-child\" data-id=\"7e2c944\" data-element_type=\"container\" data-e-type=\"container\">\n\t\t\t\t\t<div class=\"e-con-inner\">\n\t\t\t\t<div class=\"elementor-element elementor-element-2773db8 elementor-invisible elementor-widget elementor-widget-heading\" data-id=\"2773db8\" data-element_type=\"widget\" data-e-type=\"widget\" data-settings=\"{&quot;_animation&quot;:&quot;fadeInDown&quot;}\" data-widget_type=\"heading.default\">\n\t\t\t\t\t<h2 class=\"elementor-heading-title elementor-size-default\">Pol\u00edtica de cookies<\/h2>\t\t\t\t<\/div>\n\t\t\t\t<div class=\"elementor-element elementor-element-a7451bf elementor-invisible elementor-widget elementor-widget-text-editor\" data-id=\"a7451bf\" data-element_type=\"widget\" data-e-type=\"widget\" data-settings=\"{&quot;_animation&quot;:&quot;fadeIn&quot;}\" data-widget_type=\"text-editor.default\">\n\t\t\t\t\t\t\t\t\t<p>Qu\u00e8 s\u00f3n les cookies?<br>Una cookie \u00e9s un fitxer que es descarrega al teu ordinador en accedir a determinades p\u00e0gines web. Les cookies permeten a una p\u00e0gina web, entre altres coses, emmagatzemar i recuperar informaci\u00f3 sobre els h\u00e0bits de navegaci\u00f3 d&#8217;un usuari o del seu equip i, depenent de la informaci\u00f3 que continguin i de la forma en qu\u00e8 utilitzi el seu equip, poden utilitzar-se per a recon\u00e8ixer a l&#8217;usuari.<\/p><p><span style=\"font-weight: 400;\">Per a qu\u00e8 utilitza les cookies aquesta p\u00e0gina web i quins s\u00f3n?<\/span><span style=\"font-weight: 400;\"><br><\/span><span style=\"font-weight: 400;\">Aquesta p\u00e0gina web utilitza les cookies per a una s\u00e8rie de finalitats, incloses:<\/span><span style=\"font-weight: 400;\"><br><\/span><span style=\"font-weight: 400;\">\u2022 An\u00e0lisi estad\u00edstica: Les cookies estad\u00edstiques ajuden els propietaris de p\u00e0gines web a comprendre com interactuen els visitants amb les p\u00e0gines web reunint i proporcionant informaci\u00f3 com quantificar el nombre d&#8217;usuaris i aix\u00ed realitzar el mesurament i an\u00e0lisi estad\u00edstica de la utilitzaci\u00f3 que fan els usuaris del servei.<\/span><span style=\"font-weight: 400;\"><br><\/span><span style=\"font-weight: 400;\">\u2022 T\u00e8cniques o necess\u00e0ries: Les cookies necess\u00e0ries ajuden a fer una p\u00e0gina web utilitzable activant funcions b\u00e0siques com la navegaci\u00f3 en la p\u00e0gina i l&#8217;acc\u00e9s a \u00e0rees segures de la p\u00e0gina web. Permeten per exemple, controlar el tr\u00e0nsit i la comunicaci\u00f3 de dades, accedir a parts d&#8217;acc\u00e9s restringit, utilitzar elements de seguretat, emmagatzemar continguts per a poder difondre v\u00eddeos o compartir continguts a trav\u00e9s de xarxes socials. La p\u00e0gina web no pot funcionar adequadament sense aquestes cookies.  <\/span><span style=\"font-weight: 400;\"><br><\/span><span style=\"font-weight: 400;\">\u2022 Publicit\u00e0ria: S\u00f3n aquelles que permeten la gesti\u00f3, de la forma m\u00e9s efica\u00e7 possible, dels espais publicitaris que, si \u00e9s el cas, l&#8217;editor hagi incl\u00f2s en una p\u00e0gina web, aplicaci\u00f3 o plataforma des de la qual presta el servei sol\u00b7licitat sobre la base de criteris com el contingut editat o la freq\u00fc\u00e8ncia en la qual es mostren els anuncis.<\/span><span style=\"font-weight: 400;\"><br><\/span><span style=\"font-weight: 400;\">\u2022 Personalitzaci\u00f3 o prefer\u00e8ncia: S\u00f3n aquelles que permeten a l&#8217;usuari accedir al servei amb algunes caracter\u00edstiques de car\u00e0cter general predefinides en funci\u00f3 d&#8217;una s\u00e8rie de criteris en el terminal de l&#8217;usuari com per exemple serien l&#8217;aspecte que t\u00e9, com el seu idioma preferit o la regi\u00f3 en la qual vost\u00e8 es troba.<\/span><\/p><p><span style=\"font-weight: 400;\">El detall de les cookies utilitzades en aquesta p\u00e0gina web \u00e9s el seg\u00fcent:<\/span><\/p><table><tbody><tr><td><p><b>Cookies<\/b><\/p><\/td><td><p><b>Nom<\/b><\/p><\/td><td><p><b>Tipus<\/b><\/p><\/td><td><p><b>Prop\u00f2sit<\/b><\/p><\/td><td><p><b>M\u00e9s<\/b><\/p><p><b>informaci\u00f3<\/b><\/p><\/td><\/tr><tr><td><p><span style=\"font-weight: 400;\">_ga _gat _gid _gat_UA-7604668-2<\/span><\/p><\/td><td><p><span style=\"font-weight: 400;\">Google Analytics<\/span><\/p><\/td><td><p><span style=\"font-weight: 400;\">De tercers<\/span><\/p><\/td><td><p><span style=\"font-weight: 400;\">Recollir informaci\u00f3 sobre la navegaci\u00f3 dels usuaris pel lloc amb la finalitat de con\u00e8ixer l&#8217;origen de les visites i altres dades similars a nivell estad\u00edstic.<\/span><\/p><\/td><td><p><span style=\"font-weight: 400;\">Centre de privacitat de Google: https:\/\/policies.google.com\/technologies\/cookies?hl=es<\/span><\/p><\/td><\/tr><tr><td><p><span style=\"font-weight: 400;\">_icl_current_language _icl_visitor_lang_js<\/span><\/p><\/td><td><p><span style=\"font-weight: 400;\">Prefer\u00e8ncia marlona.com<\/span><\/p><\/td><td><p><span style=\"font-weight: 400;\">Pr\u00f2pia<\/span><\/p><\/td><td><p><span style=\"font-weight: 400;\">S&#8217;utilitza per a recordar l&#8217;idioma que ha seleccionat l&#8217;usuari i mostrar-li els continguts en aquest mateix idioma al llarg de la seva navegaci\u00f3.<\/span><\/p><\/td><td><p><span style=\"font-weight: 400;\">En la pr\u00f2pia p\u00e0gina web.<\/span><\/p><\/td><\/tr><tr><td><p><span style=\"font-weight: 400;\">SERVERID31394<\/span><\/p><\/td><td><p><span style=\"font-weight: 400;\">T\u00e8cnica <\/span><\/p><p><span style=\"font-weight: 400;\">marlona.com<\/span><\/p><\/td><td><p><span style=\"font-weight: 400;\">Pr\u00f2pia<\/span><\/p><\/td><td><p><span style=\"font-weight: 400;\">Aquesta cookie serveix per a realitzar el seguiment de la navegaci\u00f3 dels usuaris durant la sessi\u00f3, permet conservar la informaci\u00f3 proporcionada per l&#8217;usuari en els camps previstos a aquest efecte en fer un canvi de p\u00e0gina i garanteix la qualitat i la seguretat de la navegaci\u00f3.<\/span><\/p><\/td><td><p><span style=\"font-weight: 400;\">En la pr\u00f2pia p\u00e0gina web.<\/span><\/p><\/td><\/tr><tr><td><p><span style=\"font-weight: 400;\">_cookie_notice_accepted<\/span><\/p><\/td><td><p><span style=\"font-weight: 400;\">T\u00e8cnica <\/span><\/p><p><span style=\"font-weight: 400;\">marlona.com<\/span><\/p><\/td><td><p><span style=\"font-weight: 400;\">Pr\u00f2pia<\/span><\/p><\/td><td><p><span style=\"font-weight: 400;\">Detecta que ja t&#8217;hem explicat la nostra pol\u00edtica de cookies. Una vegada que l&#8217;hagis acceptat o cont\u00ednues navegant, gr\u00e0cies a aquesta cookie no et tornem a mostrar una vegada i una altra el mateix av\u00eds. <\/span><\/p><\/td><td><p><span style=\"font-weight: 400;\">En la pr\u00f2pia p\u00e0gina web.<\/span><\/p><\/td><\/tr><tr><td><p><span style=\"font-weight: 400;\">_NID<\/span><\/p><\/td><td><p><span style=\"font-weight: 400;\">Publicit\u00e0ria Google<\/span><\/p><\/td><td><p><span style=\"font-weight: 400;\">De tercers<\/span><\/p><\/td><td><p><span style=\"font-weight: 400;\">Cookies de Google sirven para personaliza los anuncios, por ejemplo; recordar tus b\u00fasquedas m\u00e1s recientes, tus interacciones anteriores con los resultados de b\u00fasqueda o con la publicidad de un anunciante y tus visitas al sitio web de un anunciante.<\/span><\/p><\/td><td><p><span style=\"font-weight: 400;\">Centre de privacitat de Google: https:\/\/policies.google.com\/technologies\/cookies?hl=es<\/span><\/p><\/td><\/tr><tr><td><p><span style=\"font-weight: 400;\">wpml_browser_redirect_test _wpml_referer_url<\/span><\/p><\/td><td><p><span style=\"font-weight: 400;\">T\u00e8cnica marlona.com<\/span><\/p><\/td><td><p><span style=\"font-weight: 400;\">De tercers<\/span><\/p><\/td><td><p><span style=\"font-weight: 400;\">S&#8217;utilitza per a emmagatzemar un identificador de sessi\u00f3 necessari per a millorar el rendiment del lloc web. Tamb\u00e9 comprova de readre\u00e7ament del navegador. <\/span><\/p><\/td><td><p><span style=\"font-weight: 400;\">En la pr\u00f2pia p\u00e0gina web.<\/span><\/p><\/td><\/tr><\/tbody><\/table><p><span style=\"font-weight: 400;\">Nota: Les cookies de tipus \u2018Pr\u00f2pies\u2019 s\u00f3n utilitzades nom\u00e9s pel propietari d&#8217;aquesta web i les cookies \u2018De tercers\u2019 s\u00f3n utilitzades, pel prestador del servei que est\u00e0 detallat en el quadre anterior.<\/span><\/p><p><span style=\"font-weight: 400;\">Eliminar o bloquejar les cookies<\/span><span style=\"font-weight: 400;\"><br><\/span><span style=\"font-weight: 400;\">Vost\u00e8 pot permetre, bloquejar o eliminar les cookies instal\u00b7lades en el seu equip mitjan\u00e7ant la configuraci\u00f3 de les opcions del navegador instal\u00b7lat en el seu ordinador.<\/span><span style=\"font-weight: 400;\"><br><\/span><span style=\"font-weight: 400;\">Pot veure m\u00e9s informaci\u00f3 sobre el seu navegador i les cookies en els seg\u00fcents enlla\u00e7os:<\/span><span style=\"font-weight: 400;\"><br><\/span><span style=\"font-weight: 400;\">\u2022 Firefox: http:\/\/support.mozilla.org\/es\/kb\/habilitar-y-deshabilitar-cookies-que-los-sitios-we<\/span><span style=\"font-weight: 400;\"><br><\/span><span style=\"font-weight: 400;\">\u2022 Chrome: http:\/\/support.google.com\/chrome\/bin\/answer.py?hl=es&amp;answer=95647<\/span><span style=\"font-weight: 400;\"><br><\/span><span style=\"font-weight: 400;\">\u2022 Internet Explorer: http:\/\/windows.microsoft.com\/es-es\/windows7\/how-to-manage-cookies-in-internet-explorer-9<\/span><span style=\"font-weight: 400;\"><br><\/span><span style=\"font-weight: 400;\">\u2022 Safari: http:\/\/support.apple.com\/kb\/ph5042<\/span><span style=\"font-weight: 400;\"><br><\/span><span style=\"font-weight: 400;\">\u2022 Opera: http:\/\/help.opera.com\/Windows\/11.50\/es-ES\/cookies.html<\/span><\/p><p>Complement d&#8217;inhabilitaci\u00f3 per a navegadors de Google Analytics<br>Si desitja rebutjar les cookies anal\u00edtiques de Google Analytics en tots els navegadors, de manera que no s&#8217;envi\u00ef informaci\u00f3 seva a Google Analitys, pot descarregar un complement que realitza aquesta funci\u00f3 des d&#8217;aquest enlla\u00e7: https:\/\/tools.google.com\/dlpage\/gaoptout.<\/p>\t\t\t\t\t\t\t\t<\/div>\n\t\t\t\t\t<\/div>\n\t\t\t\t<\/div>\n\t\t\t\t<\/div>\n\t\t\t\t<\/div>\n\t\t","protected":false},"excerpt":{"rendered":"<p>Pol\u00edtica de cookies Qu\u00e8 s\u00f3n les cookies?Una cookie \u00e9s un fitxer que es descarrega al teu ordinador en accedir a determinades p\u00e0gines web. Les cookies permeten a una p\u00e0gina web, entre altres coses, emmagatzemar i recuperar informaci\u00f3 sobre els h\u00e0bits de navegaci\u00f3 d&#8217;un usuari o del seu equip i, depenent de la informaci\u00f3 que continguin [&hellip;]<\/p>\n","protected":false},"author":1,"featured_media":0,"parent":0,"menu_order":0,"comment_status":"closed","ping_status":"closed","template":"","meta":{"footnotes":""},"class_list":["post-986","page","type-page","status-publish","hentry"],"yoast_head":"<!-- This site is optimized with the Yoast SEO plugin v27.4 - https:\/\/yoast.com\/product\/yoast-seo-wordpress\/ -->\n<title>Pol\u00edtica de cookies - Marlona<\/title>\n<meta name=\"robots\" content=\"noindex, nofollow\" \/>\n<meta property=\"og:locale\" content=\"ca_ES\" \/>\n<meta property=\"og:type\" content=\"article\" \/>\n<meta property=\"og:title\" content=\"Pol\u00edtica de cookies - Marlona\" \/>\n<meta property=\"og:description\" content=\"Pol\u00edtica de cookies Qu\u00e8 s\u00f3n les cookies?Una cookie \u00e9s un fitxer que es descarrega al teu ordinador en accedir a determinades p\u00e0gines web. Les cookies permeten a una p\u00e0gina web, entre altres coses, emmagatzemar i recuperar informaci\u00f3 sobre els h\u00e0bits de navegaci\u00f3 d&#8217;un usuari o del seu equip i, depenent de la informaci\u00f3 que continguin [&hellip;]\" \/>\n<meta property=\"og:url\" content=\"https:\/\/marlona.com\/ca\/politica-de-cookies\/\" \/>\n<meta property=\"og:site_name\" content=\"Marlona\" \/>\n<meta property=\"article:modified_time\" content=\"2026-04-07T11:24:03+00:00\" \/>\n<meta name=\"twitter:card\" content=\"summary_large_image\" \/>\n<meta name=\"twitter:label1\" content=\"Temps estimat de lectura\" \/>\n\t<meta name=\"twitter:data1\" content=\"4 minuts\" \/>\n<script type=\"application\/ld+json\" class=\"yoast-schema-graph\">{\"@context\":\"https:\\\/\\\/schema.org\",\"@graph\":[{\"@type\":\"WebPage\",\"@id\":\"https:\\\/\\\/marlona.com\\\/ca\\\/politica-de-cookies\\\/\",\"url\":\"https:\\\/\\\/marlona.com\\\/ca\\\/politica-de-cookies\\\/\",\"name\":\"Pol\u00edtica de cookies - Marlona\",\"isPartOf\":{\"@id\":\"https:\\\/\\\/marlona.com\\\/ca\\\/#website\"},\"datePublished\":\"2026-02-06T15:35:41+00:00\",\"dateModified\":\"2026-04-07T11:24:03+00:00\",\"breadcrumb\":{\"@id\":\"https:\\\/\\\/marlona.com\\\/ca\\\/politica-de-cookies\\\/#breadcrumb\"},\"inLanguage\":\"ca\",\"potentialAction\":[{\"@type\":\"ReadAction\",\"target\":[\"https:\\\/\\\/marlona.com\\\/ca\\\/politica-de-cookies\\\/\"]}]},{\"@type\":\"BreadcrumbList\",\"@id\":\"https:\\\/\\\/marlona.com\\\/ca\\\/politica-de-cookies\\\/#breadcrumb\",\"itemListElement\":[{\"@type\":\"ListItem\",\"position\":1,\"name\":\"Portada\",\"item\":\"https:\\\/\\\/marlona.com\\\/ca\\\/inici\\\/\"},{\"@type\":\"ListItem\",\"position\":2,\"name\":\"Pol\u00edtica de cookies\"}]},{\"@type\":\"WebSite\",\"@id\":\"https:\\\/\\\/marlona.com\\\/ca\\\/#website\",\"url\":\"https:\\\/\\\/marlona.com\\\/ca\\\/\",\"name\":\"Marlona\",\"description\":\"\",\"potentialAction\":[{\"@type\":\"SearchAction\",\"target\":{\"@type\":\"EntryPoint\",\"urlTemplate\":\"https:\\\/\\\/marlona.com\\\/ca\\\/?s={search_term_string}\"},\"query-input\":{\"@type\":\"PropertyValueSpecification\",\"valueRequired\":true,\"valueName\":\"search_term_string\"}}],\"inLanguage\":\"ca\"}]}<\/script>\n<!-- \/ Yoast SEO plugin. -->","yoast_head_json":{"title":"Pol\u00edtica de cookies - Marlona","robots":{"index":"noindex","follow":"nofollow"},"og_locale":"ca_ES","og_type":"article","og_title":"Pol\u00edtica de cookies - Marlona","og_description":"Pol\u00edtica de cookies Qu\u00e8 s\u00f3n les cookies?Una cookie \u00e9s un fitxer que es descarrega al teu ordinador en accedir a determinades p\u00e0gines web. Les cookies permeten a una p\u00e0gina web, entre altres coses, emmagatzemar i recuperar informaci\u00f3 sobre els h\u00e0bits de navegaci\u00f3 d&#8217;un usuari o del seu equip i, depenent de la informaci\u00f3 que continguin [&hellip;]","og_url":"https:\/\/marlona.com\/ca\/politica-de-cookies\/","og_site_name":"Marlona","article_modified_time":"2026-04-07T11:24:03+00:00","twitter_card":"summary_large_image","twitter_misc":{"Temps estimat de lectura":"4 minuts"},"schema":{"@context":"https:\/\/schema.org","@graph":[{"@type":"WebPage","@id":"https:\/\/marlona.com\/ca\/politica-de-cookies\/","url":"https:\/\/marlona.com\/ca\/politica-de-cookies\/","name":"Pol\u00edtica de cookies - Marlona","isPartOf":{"@id":"https:\/\/marlona.com\/ca\/#website"},"datePublished":"2026-02-06T15:35:41+00:00","dateModified":"2026-04-07T11:24:03+00:00","breadcrumb":{"@id":"https:\/\/marlona.com\/ca\/politica-de-cookies\/#breadcrumb"},"inLanguage":"ca","potentialAction":[{"@type":"ReadAction","target":["https:\/\/marlona.com\/ca\/politica-de-cookies\/"]}]},{"@type":"BreadcrumbList","@id":"https:\/\/marlona.com\/ca\/politica-de-cookies\/#breadcrumb","itemListElement":[{"@type":"ListItem","position":1,"name":"Portada","item":"https:\/\/marlona.com\/ca\/inici\/"},{"@type":"ListItem","position":2,"name":"Pol\u00edtica de cookies"}]},{"@type":"WebSite","@id":"https:\/\/marlona.com\/ca\/#website","url":"https:\/\/marlona.com\/ca\/","name":"Marlona","description":"","potentialAction":[{"@type":"SearchAction","target":{"@type":"EntryPoint","urlTemplate":"https:\/\/marlona.com\/ca\/?s={search_term_string}"},"query-input":{"@type":"PropertyValueSpecification","valueRequired":true,"valueName":"search_term_string"}}],"inLanguage":"ca"}]}},"_links":{"self":[{"href":"https:\/\/marlona.com\/ca\/wp-json\/wp\/v2\/pages\/986","targetHints":{"allow":["GET"]}}],"collection":[{"href":"https:\/\/marlona.com\/ca\/wp-json\/wp\/v2\/pages"}],"about":[{"href":"https:\/\/marlona.com\/ca\/wp-json\/wp\/v2\/types\/page"}],"author":[{"embeddable":true,"href":"https:\/\/marlona.com\/ca\/wp-json\/wp\/v2\/users\/1"}],"replies":[{"embeddable":true,"href":"https:\/\/marlona.com\/ca\/wp-json\/wp\/v2\/comments?post=986"}],"version-history":[{"count":9,"href":"https:\/\/marlona.com\/ca\/wp-json\/wp\/v2\/pages\/986\/revisions"}],"predecessor-version":[{"id":1275,"href":"https:\/\/marlona.com\/ca\/wp-json\/wp\/v2\/pages\/986\/revisions\/1275"}],"wp:attachment":[{"href":"https:\/\/marlona.com\/ca\/wp-json\/wp\/v2\/media?parent=986"}],"curies":[{"name":"wp","href":"https:\/\/api.w.org\/{rel}","templated":true}]}}