{"id":984,"date":"2026-02-06T16:34:13","date_gmt":"2026-02-06T15:34:13","guid":{"rendered":"https:\/\/marlona.com\/politica-dinnocuitat-dels-aliments\/"},"modified":"2026-03-31T12:28:59","modified_gmt":"2026-03-31T10:28:59","slug":"politica-dinnocuitat-dels-aliments","status":"publish","type":"page","link":"https:\/\/marlona.com\/ca\/politica-dinnocuitat-dels-aliments\/","title":{"rendered":"Pol\u00edtica d\u2019innocu\u00eftat dels aliments"},"content":{"rendered":"\t\t<div data-elementor-type=\"wp-page\" data-elementor-id=\"984\" class=\"elementor elementor-984 elementor-694\" data-elementor-post-type=\"page\">\n\t\t\t\t<div class=\"elementor-element elementor-element-9d06c30 e-con-full e-flex e-con e-parent\" data-id=\"9d06c30\" data-element_type=\"container\" data-e-type=\"container\">\n\t\t<div class=\"elementor-element elementor-element-7e2c944 e-flex e-con-boxed e-con e-child\" data-id=\"7e2c944\" data-element_type=\"container\" data-e-type=\"container\">\n\t\t\t\t\t<div class=\"e-con-inner\">\n\t\t\t\t<div class=\"elementor-element elementor-element-2773db8 elementor-invisible elementor-widget elementor-widget-heading\" data-id=\"2773db8\" data-element_type=\"widget\" data-e-type=\"widget\" data-settings=\"{&quot;_animation&quot;:&quot;fadeInDown&quot;}\" data-widget_type=\"heading.default\">\n\t\t\t\t\t<h2 class=\"elementor-heading-title elementor-size-default\">Pol\u00edtica d\u2019innocu\u00eftat dels aliments<\/h2>\t\t\t\t<\/div>\n\t\t\t\t<div class=\"elementor-element elementor-element-a7451bf elementor-invisible elementor-widget elementor-widget-text-editor\" data-id=\"a7451bf\" data-element_type=\"widget\" data-e-type=\"widget\" data-settings=\"{&quot;_animation&quot;:&quot;fadeIn&quot;}\" data-widget_type=\"text-editor.default\">\n\t\t\t\t\t\t\t\t\t<p><span style=\"font-weight: 400;\">SHERPA IB\u00c9RICA SL adopta el comprom\u00eds de:<\/span><\/p><p><span style=\"font-weight: 400;\">Promoure en tot moment, aportant els recursos necessaris, la gesti\u00f3 de la seguretat aliment\u00e0ria, la qualitat, la prevenci\u00f3 dels riscos i la salut laboral, i el medi ambient, implicant tot el personal de l\u2019empresa i els nostres col\u00b7laboradors.<\/span><\/p><p> <\/p><ul><li><span style=\"font-weight: 400;\"> Avan\u00e7ar en la millora cont\u00ednua del sistema de gesti\u00f3.<\/span><\/li><\/ul><p><i><span style=\"font-weight: 400;\">Complir la legislaci\u00f3 i els requisits acordats amb els clients, que ens s\u00f3n aplicables en relaci\u00f3 amb la seguretat aliment\u00e0ria i la qualitat dels nostres productes, la gesti\u00f3 mediambiental i la protecci\u00f3 dels riscos laborals.<\/span><\/i><\/p><ul><li><span style=\"font-weight: 400;\"> Identificar les necessitats dels clients i el compliment dels seus requisits per aconseguir-ne la plena satisfacci\u00f3.<\/span><\/li><li><span style=\"font-weight: 400;\"> Treballar per evitar la contaminaci\u00f3 i minimitzar els efectes ambientals que es deriven de les nostres activitats.<\/span><\/li><li><span style=\"font-weight: 400;\"> Considerar com a responsabilitat de tot el personal qualsevol actuaci\u00f3 amb repercussions sobre la contaminaci\u00f3 dels nostres productes, la qualitat, el medi ambient o la salut dels nostres treballadors.<\/span><\/li><li><span style=\"font-weight: 400;\"> Desenvolupar activitats formatives perqu\u00e8 tot el personal conegui, participi i apliqui el Sistema de Gesti\u00f3, i que alhora permetin la millora cont\u00ednua en el desenvolupament de les seves tasques.<\/span><\/li><li><span style=\"font-weight: 400;\"> Potenciar i rendibilitzar els mitjans t\u00e8cnics i humans amb la finalitat d\u2019assolir els objectius econ\u00f2mics i de gesti\u00f3 establerts, aconseguint la m\u00e0xima qualitat dels productes i serveis, respectant el medi ambient i la prevenci\u00f3 dels riscos.<\/span><\/li><li><span style=\"font-weight: 400;\"> Assegurar que les empreses subcontractades apliquin els mateixos principis de gesti\u00f3.<\/span><\/li><li><span style=\"font-weight: 400;\"> Comunicar aquesta pol\u00edtica a tots els nostres empleats i col\u00b7laboradors, aix\u00ed com a tothom qui ens la sol\u00b7liciti.<\/span><\/li><li><span style=\"font-weight: 400;\"> Comunicar a totes les parts implicades (clients, prove\u00efdors, subcontractistes i autoritats sanit\u00e0ries) qualsevol emerg\u00e8ncia significativa pel que fa a la seguretat aliment\u00e0ria.<\/span><\/li><li><span style=\"font-weight: 400;\"> Establir objectius mesurables per revisar la millora cont\u00ednua de l\u2019efic\u00e0cia i l\u2019efici\u00e8ncia del nostre sistema de gesti\u00f3.<\/span><\/li><\/ul><p><span style=\"font-weight: 400;\"><br><\/span><span style=\"font-weight: 400;\">SHERPA IB\u00c9RICA SL<\/span><\/p>\t\t\t\t\t\t\t\t<\/div>\n\t\t\t\t\t<\/div>\n\t\t\t\t<\/div>\n\t\t\t\t<\/div>\n\t\t\t\t<\/div>\n\t\t","protected":false},"excerpt":{"rendered":"<p>Pol\u00edtica d\u2019innocu\u00eftat dels aliments SHERPA IB\u00c9RICA SL adopta el comprom\u00eds de: Promoure en tot moment, aportant els recursos necessaris, la gesti\u00f3 de la seguretat aliment\u00e0ria, la qualitat, la prevenci\u00f3 dels riscos i la salut laboral, i el medi ambient, implicant tot el personal de l\u2019empresa i els nostres col\u00b7laboradors. Avan\u00e7ar en la millora cont\u00ednua del [&hellip;]<\/p>\n","protected":false},"author":1,"featured_media":0,"parent":0,"menu_order":0,"comment_status":"closed","ping_status":"closed","template":"","meta":{"footnotes":""},"class_list":["post-984","page","type-page","status-publish","hentry"],"yoast_head":"<!-- This site is optimized with the Yoast SEO plugin v27.1.1 - https:\/\/yoast.com\/product\/yoast-seo-wordpress\/ -->\n<title>Pol\u00edtica d\u2019innocu\u00eftat dels aliments - Marlona<\/title>\n<meta name=\"robots\" content=\"noindex, nofollow\" \/>\n<meta property=\"og:locale\" content=\"ca_ES\" \/>\n<meta property=\"og:type\" content=\"article\" \/>\n<meta property=\"og:title\" content=\"Pol\u00edtica d\u2019innocu\u00eftat dels aliments - Marlona\" \/>\n<meta property=\"og:description\" content=\"Pol\u00edtica d\u2019innocu\u00eftat dels aliments SHERPA IB\u00c9RICA SL adopta el comprom\u00eds de: Promoure en tot moment, aportant els recursos necessaris, la gesti\u00f3 de la seguretat aliment\u00e0ria, la qualitat, la prevenci\u00f3 dels riscos i la salut laboral, i el medi ambient, implicant tot el personal de l\u2019empresa i els nostres col\u00b7laboradors. Avan\u00e7ar en la millora cont\u00ednua del [&hellip;]\" \/>\n<meta property=\"og:url\" content=\"https:\/\/marlona.com\/ca\/politica-dinnocuitat-dels-aliments\/\" \/>\n<meta property=\"og:site_name\" content=\"Marlona\" \/>\n<meta property=\"article:modified_time\" content=\"2026-03-31T10:28:59+00:00\" \/>\n<meta name=\"twitter:card\" content=\"summary_large_image\" \/>\n<meta name=\"twitter:label1\" content=\"Temps estimat de lectura\" \/>\n\t<meta name=\"twitter:data1\" content=\"2 minuts\" \/>\n<script type=\"application\/ld+json\" class=\"yoast-schema-graph\">{\"@context\":\"https:\/\/schema.org\",\"@graph\":[{\"@type\":\"WebPage\",\"@id\":\"https:\/\/marlona.com\/ca\/politica-dinnocuitat-dels-aliments\/\",\"url\":\"https:\/\/marlona.com\/ca\/politica-dinnocuitat-dels-aliments\/\",\"name\":\"Pol\u00edtica d\u2019innocu\u00eftat dels aliments - Marlona\",\"isPartOf\":{\"@id\":\"https:\/\/marlona.com\/ca\/#website\"},\"datePublished\":\"2026-02-06T15:34:13+00:00\",\"dateModified\":\"2026-03-31T10:28:59+00:00\",\"breadcrumb\":{\"@id\":\"https:\/\/marlona.com\/ca\/politica-dinnocuitat-dels-aliments\/#breadcrumb\"},\"inLanguage\":\"ca\",\"potentialAction\":[{\"@type\":\"ReadAction\",\"target\":[\"https:\/\/marlona.com\/ca\/politica-dinnocuitat-dels-aliments\/\"]}]},{\"@type\":\"BreadcrumbList\",\"@id\":\"https:\/\/marlona.com\/ca\/politica-dinnocuitat-dels-aliments\/#breadcrumb\",\"itemListElement\":[{\"@type\":\"ListItem\",\"position\":1,\"name\":\"Portada\",\"item\":\"https:\/\/marlona.com\/ca\/inici\/\"},{\"@type\":\"ListItem\",\"position\":2,\"name\":\"Pol\u00edtica d\u2019innocu\u00eftat dels aliments\"}]},{\"@type\":\"WebSite\",\"@id\":\"https:\/\/marlona.com\/ca\/#website\",\"url\":\"https:\/\/marlona.com\/ca\/\",\"name\":\"Marlona\",\"description\":\"\",\"potentialAction\":[{\"@type\":\"SearchAction\",\"target\":{\"@type\":\"EntryPoint\",\"urlTemplate\":\"https:\/\/marlona.com\/ca\/?s={search_term_string}\"},\"query-input\":{\"@type\":\"PropertyValueSpecification\",\"valueRequired\":true,\"valueName\":\"search_term_string\"}}],\"inLanguage\":\"ca\"}]}<\/script>\n<!-- \/ Yoast SEO plugin. -->","yoast_head_json":{"title":"Pol\u00edtica d\u2019innocu\u00eftat dels aliments - Marlona","robots":{"index":"noindex","follow":"nofollow"},"og_locale":"ca_ES","og_type":"article","og_title":"Pol\u00edtica d\u2019innocu\u00eftat dels aliments - Marlona","og_description":"Pol\u00edtica d\u2019innocu\u00eftat dels aliments SHERPA IB\u00c9RICA SL adopta el comprom\u00eds de: Promoure en tot moment, aportant els recursos necessaris, la gesti\u00f3 de la seguretat aliment\u00e0ria, la qualitat, la prevenci\u00f3 dels riscos i la salut laboral, i el medi ambient, implicant tot el personal de l\u2019empresa i els nostres col\u00b7laboradors. Avan\u00e7ar en la millora cont\u00ednua del [&hellip;]","og_url":"https:\/\/marlona.com\/ca\/politica-dinnocuitat-dels-aliments\/","og_site_name":"Marlona","article_modified_time":"2026-03-31T10:28:59+00:00","twitter_card":"summary_large_image","twitter_misc":{"Temps estimat de lectura":"2 minuts"},"schema":{"@context":"https:\/\/schema.org","@graph":[{"@type":"WebPage","@id":"https:\/\/marlona.com\/ca\/politica-dinnocuitat-dels-aliments\/","url":"https:\/\/marlona.com\/ca\/politica-dinnocuitat-dels-aliments\/","name":"Pol\u00edtica d\u2019innocu\u00eftat dels aliments - Marlona","isPartOf":{"@id":"https:\/\/marlona.com\/ca\/#website"},"datePublished":"2026-02-06T15:34:13+00:00","dateModified":"2026-03-31T10:28:59+00:00","breadcrumb":{"@id":"https:\/\/marlona.com\/ca\/politica-dinnocuitat-dels-aliments\/#breadcrumb"},"inLanguage":"ca","potentialAction":[{"@type":"ReadAction","target":["https:\/\/marlona.com\/ca\/politica-dinnocuitat-dels-aliments\/"]}]},{"@type":"BreadcrumbList","@id":"https:\/\/marlona.com\/ca\/politica-dinnocuitat-dels-aliments\/#breadcrumb","itemListElement":[{"@type":"ListItem","position":1,"name":"Portada","item":"https:\/\/marlona.com\/ca\/inici\/"},{"@type":"ListItem","position":2,"name":"Pol\u00edtica d\u2019innocu\u00eftat dels aliments"}]},{"@type":"WebSite","@id":"https:\/\/marlona.com\/ca\/#website","url":"https:\/\/marlona.com\/ca\/","name":"Marlona","description":"","potentialAction":[{"@type":"SearchAction","target":{"@type":"EntryPoint","urlTemplate":"https:\/\/marlona.com\/ca\/?s={search_term_string}"},"query-input":{"@type":"PropertyValueSpecification","valueRequired":true,"valueName":"search_term_string"}}],"inLanguage":"ca"}]}},"_links":{"self":[{"href":"https:\/\/marlona.com\/ca\/wp-json\/wp\/v2\/pages\/984","targetHints":{"allow":["GET"]}}],"collection":[{"href":"https:\/\/marlona.com\/ca\/wp-json\/wp\/v2\/pages"}],"about":[{"href":"https:\/\/marlona.com\/ca\/wp-json\/wp\/v2\/types\/page"}],"author":[{"embeddable":true,"href":"https:\/\/marlona.com\/ca\/wp-json\/wp\/v2\/users\/1"}],"replies":[{"embeddable":true,"href":"https:\/\/marlona.com\/ca\/wp-json\/wp\/v2\/comments?post=984"}],"version-history":[{"count":3,"href":"https:\/\/marlona.com\/ca\/wp-json\/wp\/v2\/pages\/984\/revisions"}],"predecessor-version":[{"id":1241,"href":"https:\/\/marlona.com\/ca\/wp-json\/wp\/v2\/pages\/984\/revisions\/1241"}],"wp:attachment":[{"href":"https:\/\/marlona.com\/ca\/wp-json\/wp\/v2\/media?parent=984"}],"curies":[{"name":"wp","href":"https:\/\/api.w.org\/{rel}","templated":true}]}}