{"id":1033,"date":"2026-02-06T16:27:26","date_gmt":"2026-02-06T15:27:26","guid":{"rendered":"https:\/\/marlona.com\/avis-legal\/"},"modified":"2026-04-07T11:57:47","modified_gmt":"2026-04-07T09:57:47","slug":"avis-legal","status":"publish","type":"page","link":"https:\/\/marlona.com\/ca\/avis-legal\/","title":{"rendered":"Av\u00eds Legal"},"content":{"rendered":"\t\t<div data-elementor-type=\"wp-page\" data-elementor-id=\"1033\" class=\"elementor elementor-1033 elementor-672\" data-elementor-post-type=\"page\">\n\t\t\t\t<div class=\"elementor-element elementor-element-9d06c30 e-con-full e-flex e-con e-parent\" data-id=\"9d06c30\" data-element_type=\"container\" data-e-type=\"container\">\n\t\t<div class=\"elementor-element elementor-element-7e2c944 e-flex e-con-boxed e-con e-child\" data-id=\"7e2c944\" data-element_type=\"container\" data-e-type=\"container\">\n\t\t\t\t\t<div class=\"e-con-inner\">\n\t\t\t\t<div class=\"elementor-element elementor-element-2773db8 elementor-invisible elementor-widget elementor-widget-heading\" data-id=\"2773db8\" data-element_type=\"widget\" data-e-type=\"widget\" data-settings=\"{&quot;_animation&quot;:&quot;fadeInDown&quot;}\" data-widget_type=\"heading.default\">\n\t\t\t\t\t<h2 class=\"elementor-heading-title elementor-size-default\">Av\u00eds Legal<\/h2>\t\t\t\t<\/div>\n\t\t\t\t<div class=\"elementor-element elementor-element-a7451bf elementor-invisible elementor-widget elementor-widget-text-editor\" data-id=\"a7451bf\" data-element_type=\"widget\" data-e-type=\"widget\" data-settings=\"{&quot;_animation&quot;:&quot;fadeIn&quot;}\" data-widget_type=\"text-editor.default\">\n\t\t\t\t\t\t\t\t\t<ol><li><b> OBJECTE I ACCEPTACI\u00d3<\/b><\/li><\/ol><p><span style=\"font-weight: 400;\">El present av\u00eds legal regula l&#8217;\u00fas i utilitzaci\u00f3 del lloc web www.marlona.com (en endavant, LA WEB), del qual \u00e9s titular SHERPA IB\u00c9RICA SL (en endavant, SHERPA).<\/span><\/p><p><span style=\"font-weight: 400;\">La navegaci\u00f3 pel lloc web de Sherpa li atribueix la condici\u00f3 d&#8217;usuari del mateix i comporta la seva acceptaci\u00f3 plena i sense reserves de totes i cadascuna de les condicions publicades en aquest av\u00eds legal, advertint que aquestes condicions podran ser modificades sense notificaci\u00f3 pr\u00e8via per part de SHERPA, en aquest cas es procedir\u00e0 a la seva publicaci\u00f3 i av\u00eds amb la m\u00e0xima antelaci\u00f3 possible.<\/span><\/p><p><span style=\"font-weight: 400;\">Per aix\u00f2 \u00e9s recomanable llegir atentament el seu contingut en cas de desitjar accedir i fer \u00fas de la informaci\u00f3 i dels serveis oferts des d&#8217;aquest lloc web.<\/span><\/p><p><span style=\"font-weight: 400;\">L&#8217;usuari a m\u00e9s, s&#8217;obliga a fer un \u00fas correcte del lloc web de conformitat amb les lleis, la bona fe, l&#8217;ordre p\u00fablic, els usos del tr\u00e0nsit i el present Av\u00eds Legal, i respondr\u00e0 davant a SHERPA o davant a tercers, de qualsevol danys i perjudicis que poguessin causar-se a conseq\u00fc\u00e8ncia de l&#8217;incompliment d&#8217;aquesta obligaci\u00f3.<\/span><\/p><p><span style=\"font-weight: 400;\">Qualsevol utilitzaci\u00f3 diferent de l&#8217;autoritzada est\u00e0 expressament prohibida, podent SHERPA denegar o retirar l&#8217;acc\u00e9s i el seu \u00fas en qualsevol moment.<\/span><\/p><p><span style=\"font-weight: 400;\"> <\/span><\/p><p> <\/p><ol start=\"2\"><li><b> IDENTIFICACI\u00d3 I COMUNICACI\u00d3<\/b><span style=\"font-weight: 400;\"><br><\/span><span style=\"font-weight: 400;\">SHERPA, en compliment de la Llei 34\/2002, d&#8217;11 de juliol, de Serveis de la Societat de la Informaci\u00f3 i de Comer\u00e7 electr\u00f2nic, l&#8217;informa que:<\/span><span style=\"font-weight: 400;\"><br><\/span><span style=\"font-weight: 400;\">\u2022 La seva denominaci\u00f3 social \u00e9s: SHERPAIB\u00c9RICA SL.<\/span><span style=\"font-weight: 400;\"><br><\/span><span style=\"font-weight: 400;\">\u2022 El seu nom comercial \u00e9s: Marlona<\/span><span style=\"font-weight: 400;\"><br><\/span><span style=\"font-weight: 400;\">\u2022 El seu CIF \u00e9s: B44935849<\/span><span style=\"font-weight: 400;\"><br><\/span><span style=\"font-weight: 400;\">\u2022 El seu domicili social est\u00e0 a: Avda. Europa, 17 \u2013 08720 Vilafranca del Pened\u00e8s \u2013 Barcelona <\/span><span style=\"font-weight: 400;\"><br><\/span><span style=\"font-weight: 400;\">\u2022 Inscrita al Registre Mercantil de Barcelona tom 32300, foli 170, full B 210196, inscripci\u00f3 1<\/span><span style=\"font-weight: 400;\"><br><\/span><span style=\"font-weight: 400;\">Per a comunicar-se amb nosaltres, posem a la seva disposici\u00f3 diferents mitjans de contacte que detallem a continuaci\u00f3:<\/span><span style=\"font-weight: 400;\"><br><\/span><span style=\"font-weight: 400;\">Tel\u00e8fon: 93 131 27 37 <\/span><span style=\"font-weight: 400;\"><br><\/span><span style=\"font-weight: 400;\">E-mail: info@sherpachocolat.com<\/span><span style=\"font-weight: 400;\"><br><\/span><span style=\"font-weight: 400;\">Totes les notificacions i comunicacions entre els usuaris i SHERPA es consideraran efica\u00e7os, amb car\u00e0cter general, quan es realitzin a trav\u00e9s de qualsevol mitj\u00e0 dels detallats anteriorment.<\/span><\/li><\/ol><p><br><br><\/p><ol start=\"3\"><li><b> CONDICIONS D&#8217;ACC\u00c9S I UTILITZACI\u00d3<\/b><\/li><\/ol><p><span style=\"font-weight: 400;\">El lloc web i els seus serveis s\u00f3n d&#8217;acc\u00e9s lliure i gratu\u00eft. No obstant aix\u00f2, XERPA pot condicionar la utilitzaci\u00f3 d&#8217;alguns dels serveis oferts al seu web al previ emplenament del corresponent formulari. <\/span><span style=\"font-weight: 400;\"><br><\/span><span style=\"font-weight: 400;\">L&#8217;usuari garanteix l&#8217;autenticitat i actualitat de totes aquelles dades que comuniqui a SHERPA i ser\u00e0 l&#8217;\u00fanic responsable de les manifestacions falses o inexactes que realitzi.<\/span><span style=\"font-weight: 400;\"><br><\/span><span style=\"font-weight: 400;\">L&#8217;usuari es compromet expressament a fer un \u00fas adequat dels continguts i serveis de SHERPA i a no fer-los servir per a, entre altres:<\/span><span style=\"font-weight: 400;\"><br><\/span><span style=\"font-weight: 400;\">a) Difondre continguts delictius, violents, pornogr\u00e0fics, racistes, xen\u00f2fobs, ofensius, d&#8217;apologia del terrorisme o, en general, contraris a la llei o a l&#8217;ordre p\u00fablic.<\/span><span style=\"font-weight: 400;\"><br><\/span><span style=\"font-weight: 400;\">b) Introduir en la xarxa virus inform\u00e0tics o realitzar actuacions susceptibles d&#8217;alterar, espatllar, interrompre o generar errors o danys en els documents electr\u00f2nics, dades o sistemes f\u00edsics i l\u00f2gics de SHERPA o de terceres persones; aix\u00ed com obstaculitzar l&#8217;acc\u00e9s altres usuaris al lloc web i als seus serveis mitjan\u00e7ant el consum massiu dels recursos inform\u00e0tics a trav\u00e9s dels quals SHERPA presta els seus serveis.<\/span><span style=\"font-weight: 400;\"><br><\/span><span style=\"font-weight: 400;\">c) Intentar accedir als comptes de correu electr\u00f2nic altres usuaris o a \u00e0rees restringides dels sistemes inform\u00e0tics de SHERPA o de tercers i, si \u00e9s el cas, extreure informaci\u00f3.<\/span><span style=\"font-weight: 400;\"><br><\/span><span style=\"font-weight: 400;\">d) Vulnerar els drets de propietat intel\u00b7lectual o industrial, aix\u00ed com violar la confidencialitat de la informaci\u00f3 de SHERPA o de tercers.<\/span><span style=\"font-weight: 400;\"><br><\/span><span style=\"font-weight: 400;\">e) Suplantar la identitat de qualsevol altre usuari.<\/span><span style=\"font-weight: 400;\"><br><\/span><span style=\"font-weight: 400;\">f) Reproduir, copiar, distribuir, posar a la disposici\u00f3 de, o qualsevol altra forma de comunicaci\u00f3 p\u00fablica, transformar o modificar els continguts, tret que es compti amb l&#8217;autoritzaci\u00f3 del titular dels corresponents drets o aix\u00f2 resulti legalment perm\u00e8s.<\/span><span style=\"font-weight: 400;\"><br><\/span><span style=\"font-weight: 400;\">g) Recollir dades amb finalitat publicit\u00e0ria i de remetre publicitat de qualsevol classe i comunicacions amb finalitats de venda o altres de naturalesa comercial sense que intervingui la seva pr\u00e8via sol\u00b7licitud o consentiment.<\/span><span style=\"font-weight: 400;\"><br><\/span><span style=\"font-weight: 400;\">Tots els continguts del lloc web, com a textos, fotografies, gr\u00e0fics, imatges, icones, tecnologia, programari, aix\u00ed com el seu disseny gr\u00e0fic i codis font, constitueixen una obra la propietat de la qual pertany a SHERPA, sense que puguin entendre&#8217;s cedits a l&#8217;usuari cap dels drets d&#8217;explotaci\u00f3 sobre els mateixos m\u00e9s enll\u00e0 de l&#8217;estrictament necessari per al correcte \u00fas de la web.<\/span><span style=\"font-weight: 400;\"><br><\/span><span style=\"font-weight: 400;\">En definitiva, els usuaris que accedeixin a aquest lloc web poden visualitzar els continguts i efectuar, si s&#8217;escau, c\u00f2pies privades autoritzades sempre que els elements reprodu\u00efts no siguin cedits posteriorment a tercers, ni s&#8217;instal\u00b7lin a servidors connectats en xarxes, ni siguin objecte de cap mena d&#8217;explotaci\u00f3.<\/span><span style=\"font-weight: 400;\"><br><\/span><span style=\"font-weight: 400;\">Aix\u00ed mateix, totes les marques, noms comercials o signes distintius de qualsevol classe que apareixen al lloc web s\u00f3n propietat de SHERPA, sense que pugui entendre&#8217;s que l&#8217;\u00fas o acc\u00e9s al mateix atribueixi a l&#8217;usuari dret algun sobre els mateixos.<\/span><span style=\"font-weight: 400;\"><br><\/span><span style=\"font-weight: 400;\">La distribuci\u00f3, modificaci\u00f3, cessi\u00f3 o comunicaci\u00f3 p\u00fablica dels continguts i qualsevol altre acte que no hagi estat expressament autoritzat pel titular dels drets d&#8217;explotaci\u00f3 queden prohibits.<\/span><span style=\"font-weight: 400;\"><br><\/span><span style=\"font-weight: 400;\">L&#8217;establiment d&#8217;un enlla\u00e7 no implica en cap cas l&#8217;exist\u00e8ncia de relacions entre SHERPA i el propietari del lloc web en la qual s&#8217;estableixi, ni l&#8217;acceptaci\u00f3 i aprovaci\u00f3 per part de SHERPA dels seus continguts o serveis.<\/span><span style=\"font-weight: 400;\"><br><\/span><span style=\"font-weight: 400;\">SHERPA no es responsabilitza de l&#8217;\u00fas que cada usuari li doni als materials posats a disposici\u00f3 en aquest lloc web ni de les actuacions que realitzi sobre la base d&#8217;aquests.<\/span><\/p><p><span style=\"font-weight: 400;\"> <\/span><\/p><ol start=\"4\"><li><b> EXCLUSI\u00d3 DE GARANTIES I DE RESPONSABILITAT<\/b><span style=\"font-weight: 400;\"><br><\/span><span style=\"font-weight: 400;\">El contingut del present lloc web \u00e9s de car\u00e0cter general i t\u00e9 una finalitat merament informativa, sense que es garanteixi plenament l&#8217;acc\u00e9s a tots els continguts, ni la seva exhaustivitat, correcci\u00f3, vig\u00e8ncia o actualitat, ni la seva idone\u00eftat o utilitat per a un objectiu espec\u00edfic.<\/span><span style=\"font-weight: 400;\"><br><\/span><span style=\"font-weight: 400;\">SHERPA exclou, fins on permet l&#8217;ordenament jur\u00eddic, qualsevol responsabilitat pels danys i perjudicis de tota naturalesa derivats de:<\/span><span style=\"font-weight: 400;\"><br><\/span><span style=\"font-weight: 400;\">a) La impossibilitat d&#8217;acc\u00e9s al lloc web o la falta de veracitat, exactitud, exhaustivitat i\/o actualitat dels continguts, aix\u00ed com l&#8217;exist\u00e8ncia de vicis i defectes de tota classe dels continguts transmesos, difosos, emmagatzemats, posats a disposici\u00f3, als quals s&#8217;hagi accedit a trav\u00e9s del lloc web o dels serveis que s&#8217;ofereixen.<\/span><span style=\"font-weight: 400;\"><br><\/span><span style=\"font-weight: 400;\">b) La pres\u00e8ncia de virus o altres elements en els continguts que puguin produir alteracions en els sistemes inform\u00e0tics, documents electr\u00f2nics o dades dels usuaris.<\/span><span style=\"font-weight: 400;\"><br><\/span><span style=\"font-weight: 400;\">c) L&#8217;incompliment de les lleis, la bona fe, l&#8217;ordre p\u00fablic, els usos del tr\u00e0nsit i el present av\u00eds legal a conseq\u00fc\u00e8ncia de l&#8217;\u00fas incorrecte del lloc web. En particular, i a manera d&#8217;exemple, SHERPA no es fa responsable de les actuacions de tercers que vulnerin drets de propietat intel\u00b7lectual i industrial, secrets empresarials, drets a l&#8217;honor, a la intimitat personal i familiar i a la pr\u00f2pia imatge, aix\u00ed com la normativa en mat\u00e8ria de compet\u00e8ncia deslleial i publicitat il\u00b7l\u00edcita. <\/span><span style=\"font-weight: 400;\"><br><\/span><span style=\"font-weight: 400;\">Aix\u00ed mateix, SHERPA declina qualsevol responsabilitat respecte a la informaci\u00f3 que es trobi fora d&#8217;aquesta web i no sigui gestionada directament pel nostre web m\u00e0ster (administrador del lloc web). La funci\u00f3 dels links que apareixen en aquesta web \u00e9s exclusivament la d&#8217;informar l&#8217;usuari sobre l&#8217;exist\u00e8ncia altres fonts susceptibles d&#8217;ampliar els continguts que ofereix aquest lloc web. SHERPA no garanteix ni es responsabilitza del funcionament o accessibilitat dels llocs enlla\u00e7ats; ni suggereix, convida o recomana la visita a aquests, per la qual cosa tampoc ser\u00e0 responsable del resultat obtingut. SHERPA no es responsabilitza de l&#8217;establiment d&#8217;enlla\u00e7os per part de tercers.   <\/span><\/li><\/ol><p><span style=\"font-weight: 400;\"> <\/span><\/p><ol start=\"5\"><li><b> PROCEDIMENT EN CAS DE REALITZACI\u00d3 D&#8217;ACTIVITATS DE CAR\u00c0CTER IL\u00b7L\u00cdCIT<\/b><\/li><\/ol><p><span style=\"font-weight: 400;\">En el cas que qualsevol usuari o un tercer consideri que existeixen fets o circumst\u00e0ncies que revelin el car\u00e0cter il\u00b7l\u00edcit de la utilitzaci\u00f3 de qualsevol contingut i\/o de la realitzaci\u00f3 de qualsevol activitat a les p\u00e0gines web incloses o accessibles a trav\u00e9s del lloc web, haur\u00e0 d&#8217;enviar una notificaci\u00f3 a SHERPA identificant-se degudament i especificant les suposades infraccions i declarant expressament i sota la seva responsabilitat que la informaci\u00f3 proporcionada en la notificaci\u00f3 \u00e9s exacta.<\/span><span style=\"font-weight: 400;\"><br><\/span><span style=\"font-weight: 400;\">Per a tota q\u00fcesti\u00f3 litigiosa que incumbeixi el lloc web del SHERPA, ser\u00e0 aplicable la legislaci\u00f3 espanyola, sent competents els Jutjats i Tribunals de Barcelona (Espanya).<\/span><\/p><p> <\/p><p><span style=\"font-weight: 400;\"> <\/span><\/p><ol start=\"6\"><li><b> PUBLICACIONS<\/b><\/li><\/ol><p>La informaci\u00f3 administrativa facilitada a trav\u00e9s del lloc web no substitueix la publicitat legal de les lleis, normatives, plans, disposicions generals i actes que hagin de ser publicats formalment en els diaris oficials de les administracions p\u00fabliques, que constitueixen l&#8217;\u00fanic instrument que dona fe de la seva autenticitat i contingut. La informaci\u00f3 disponible en aquest lloc web ha d&#8217;entendre&#8217;s com una guia sense prop\u00f2sit de validesa legal.<br>Social. <\/p>\t\t\t\t\t\t\t\t<\/div>\n\t\t\t\t\t<\/div>\n\t\t\t\t<\/div>\n\t\t\t\t<\/div>\n\t\t\t\t<\/div>\n\t\t","protected":false},"excerpt":{"rendered":"<p>Av\u00eds Legal OBJECTE I ACCEPTACI\u00d3 El present av\u00eds legal regula l&#8217;\u00fas i utilitzaci\u00f3 del lloc web www.marlona.com (en endavant, LA WEB), del qual \u00e9s titular SHERPA IB\u00c9RICA SL (en endavant, SHERPA). La navegaci\u00f3 pel lloc web de Sherpa li atribueix la condici\u00f3 d&#8217;usuari del mateix i comporta la seva acceptaci\u00f3 plena i sense reserves de [&hellip;]<\/p>\n","protected":false},"author":1,"featured_media":0,"parent":0,"menu_order":0,"comment_status":"closed","ping_status":"closed","template":"","meta":{"footnotes":""},"class_list":["post-1033","page","type-page","status-publish","hentry"],"yoast_head":"<!-- This site is optimized with the Yoast SEO plugin v27.1.1 - https:\/\/yoast.com\/product\/yoast-seo-wordpress\/ -->\n<title>Av\u00eds Legal - Marlona<\/title>\n<meta name=\"robots\" content=\"noindex, nofollow\" \/>\n<meta property=\"og:locale\" content=\"ca_ES\" \/>\n<meta property=\"og:type\" content=\"article\" \/>\n<meta property=\"og:title\" content=\"Av\u00eds Legal - Marlona\" \/>\n<meta property=\"og:description\" content=\"Av\u00eds Legal OBJECTE I ACCEPTACI\u00d3 El present av\u00eds legal regula l&#8217;\u00fas i utilitzaci\u00f3 del lloc web www.marlona.com (en endavant, LA WEB), del qual \u00e9s titular SHERPA IB\u00c9RICA SL (en endavant, SHERPA). La navegaci\u00f3 pel lloc web de Sherpa li atribueix la condici\u00f3 d&#8217;usuari del mateix i comporta la seva acceptaci\u00f3 plena i sense reserves de [&hellip;]\" \/>\n<meta property=\"og:url\" content=\"https:\/\/marlona.com\/ca\/avis-legal\/\" \/>\n<meta property=\"og:site_name\" content=\"Marlona\" \/>\n<meta property=\"article:modified_time\" content=\"2026-04-07T09:57:47+00:00\" \/>\n<meta name=\"twitter:card\" content=\"summary_large_image\" \/>\n<meta name=\"twitter:label1\" content=\"Temps estimat de lectura\" \/>\n\t<meta name=\"twitter:data1\" content=\"7 minuts\" \/>\n<script type=\"application\/ld+json\" class=\"yoast-schema-graph\">{\"@context\":\"https:\/\/schema.org\",\"@graph\":[{\"@type\":\"WebPage\",\"@id\":\"https:\/\/marlona.com\/ca\/avis-legal\/\",\"url\":\"https:\/\/marlona.com\/ca\/avis-legal\/\",\"name\":\"Av\u00eds Legal - Marlona\",\"isPartOf\":{\"@id\":\"https:\/\/marlona.com\/ca\/#website\"},\"datePublished\":\"2026-02-06T15:27:26+00:00\",\"dateModified\":\"2026-04-07T09:57:47+00:00\",\"breadcrumb\":{\"@id\":\"https:\/\/marlona.com\/ca\/avis-legal\/#breadcrumb\"},\"inLanguage\":\"ca\",\"potentialAction\":[{\"@type\":\"ReadAction\",\"target\":[\"https:\/\/marlona.com\/ca\/avis-legal\/\"]}]},{\"@type\":\"BreadcrumbList\",\"@id\":\"https:\/\/marlona.com\/ca\/avis-legal\/#breadcrumb\",\"itemListElement\":[{\"@type\":\"ListItem\",\"position\":1,\"name\":\"Portada\",\"item\":\"https:\/\/marlona.com\/ca\/inici\/\"},{\"@type\":\"ListItem\",\"position\":2,\"name\":\"Av\u00eds Legal\"}]},{\"@type\":\"WebSite\",\"@id\":\"https:\/\/marlona.com\/ca\/#website\",\"url\":\"https:\/\/marlona.com\/ca\/\",\"name\":\"Marlona\",\"description\":\"\",\"potentialAction\":[{\"@type\":\"SearchAction\",\"target\":{\"@type\":\"EntryPoint\",\"urlTemplate\":\"https:\/\/marlona.com\/ca\/?s={search_term_string}\"},\"query-input\":{\"@type\":\"PropertyValueSpecification\",\"valueRequired\":true,\"valueName\":\"search_term_string\"}}],\"inLanguage\":\"ca\"}]}<\/script>\n<!-- \/ Yoast SEO plugin. -->","yoast_head_json":{"title":"Av\u00eds Legal - Marlona","robots":{"index":"noindex","follow":"nofollow"},"og_locale":"ca_ES","og_type":"article","og_title":"Av\u00eds Legal - Marlona","og_description":"Av\u00eds Legal OBJECTE I ACCEPTACI\u00d3 El present av\u00eds legal regula l&#8217;\u00fas i utilitzaci\u00f3 del lloc web www.marlona.com (en endavant, LA WEB), del qual \u00e9s titular SHERPA IB\u00c9RICA SL (en endavant, SHERPA). La navegaci\u00f3 pel lloc web de Sherpa li atribueix la condici\u00f3 d&#8217;usuari del mateix i comporta la seva acceptaci\u00f3 plena i sense reserves de [&hellip;]","og_url":"https:\/\/marlona.com\/ca\/avis-legal\/","og_site_name":"Marlona","article_modified_time":"2026-04-07T09:57:47+00:00","twitter_card":"summary_large_image","twitter_misc":{"Temps estimat de lectura":"7 minuts"},"schema":{"@context":"https:\/\/schema.org","@graph":[{"@type":"WebPage","@id":"https:\/\/marlona.com\/ca\/avis-legal\/","url":"https:\/\/marlona.com\/ca\/avis-legal\/","name":"Av\u00eds Legal - Marlona","isPartOf":{"@id":"https:\/\/marlona.com\/ca\/#website"},"datePublished":"2026-02-06T15:27:26+00:00","dateModified":"2026-04-07T09:57:47+00:00","breadcrumb":{"@id":"https:\/\/marlona.com\/ca\/avis-legal\/#breadcrumb"},"inLanguage":"ca","potentialAction":[{"@type":"ReadAction","target":["https:\/\/marlona.com\/ca\/avis-legal\/"]}]},{"@type":"BreadcrumbList","@id":"https:\/\/marlona.com\/ca\/avis-legal\/#breadcrumb","itemListElement":[{"@type":"ListItem","position":1,"name":"Portada","item":"https:\/\/marlona.com\/ca\/inici\/"},{"@type":"ListItem","position":2,"name":"Av\u00eds Legal"}]},{"@type":"WebSite","@id":"https:\/\/marlona.com\/ca\/#website","url":"https:\/\/marlona.com\/ca\/","name":"Marlona","description":"","potentialAction":[{"@type":"SearchAction","target":{"@type":"EntryPoint","urlTemplate":"https:\/\/marlona.com\/ca\/?s={search_term_string}"},"query-input":{"@type":"PropertyValueSpecification","valueRequired":true,"valueName":"search_term_string"}}],"inLanguage":"ca"}]}},"_links":{"self":[{"href":"https:\/\/marlona.com\/ca\/wp-json\/wp\/v2\/pages\/1033","targetHints":{"allow":["GET"]}}],"collection":[{"href":"https:\/\/marlona.com\/ca\/wp-json\/wp\/v2\/pages"}],"about":[{"href":"https:\/\/marlona.com\/ca\/wp-json\/wp\/v2\/types\/page"}],"author":[{"embeddable":true,"href":"https:\/\/marlona.com\/ca\/wp-json\/wp\/v2\/users\/1"}],"replies":[{"embeddable":true,"href":"https:\/\/marlona.com\/ca\/wp-json\/wp\/v2\/comments?post=1033"}],"version-history":[{"count":5,"href":"https:\/\/marlona.com\/ca\/wp-json\/wp\/v2\/pages\/1033\/revisions"}],"predecessor-version":[{"id":1258,"href":"https:\/\/marlona.com\/ca\/wp-json\/wp\/v2\/pages\/1033\/revisions\/1258"}],"wp:attachment":[{"href":"https:\/\/marlona.com\/ca\/wp-json\/wp\/v2\/media?parent=1033"}],"curies":[{"name":"wp","href":"https:\/\/api.w.org\/{rel}","templated":true}]}}