{"id":1027,"date":"2026-02-06T16:30:32","date_gmt":"2026-02-06T15:30:32","guid":{"rendered":"https:\/\/marlona.com\/condicions-de-compra\/"},"modified":"2026-03-31T12:19:16","modified_gmt":"2026-03-31T10:19:16","slug":"condicions-de-compra","status":"publish","type":"page","link":"https:\/\/marlona.com\/ca\/condicions-de-compra\/","title":{"rendered":"Condicions de compra"},"content":{"rendered":"\t\t<div data-elementor-type=\"wp-page\" data-elementor-id=\"1027\" class=\"elementor elementor-1027 elementor-681\" data-elementor-post-type=\"page\">\n\t\t\t\t<div class=\"elementor-element elementor-element-9d06c30 e-con-full e-flex e-con e-parent\" data-id=\"9d06c30\" data-element_type=\"container\" data-e-type=\"container\">\n\t\t<div class=\"elementor-element elementor-element-7e2c944 e-flex e-con-boxed e-con e-child\" data-id=\"7e2c944\" data-element_type=\"container\" data-e-type=\"container\">\n\t\t\t\t\t<div class=\"e-con-inner\">\n\t\t\t\t<div class=\"elementor-element elementor-element-2773db8 elementor-invisible elementor-widget elementor-widget-heading\" data-id=\"2773db8\" data-element_type=\"widget\" data-e-type=\"widget\" data-settings=\"{&quot;_animation&quot;:&quot;fadeInDown&quot;}\" data-widget_type=\"heading.default\">\n\t\t\t\t\t<h2 class=\"elementor-heading-title elementor-size-default\">Condicions de compra<\/h2>\t\t\t\t<\/div>\n\t\t\t\t<div class=\"elementor-element elementor-element-a7451bf elementor-invisible elementor-widget elementor-widget-text-editor\" data-id=\"a7451bf\" data-element_type=\"widget\" data-e-type=\"widget\" data-settings=\"{&quot;_animation&quot;:&quot;fadeIn&quot;}\" data-widget_type=\"text-editor.default\">\n\t\t\t\t\t\t\t\t\t<ol><li><ol><li> <b> OBJECTE<\/b><span style=\"font-weight: 400;\"><br><\/span><span style=\"font-weight: 400;\">Les presents Condicions Generals regulen l&#8217;adquisici\u00f3 dels productes oferts al lloc web www.marlona.com, del qual \u00e9s titular SHERPA IB\u00c9RICA SL (d&#8217;ara endavant, SHERPA).<\/span><span style=\"font-weight: 400;\"><br><\/span><span style=\"font-weight: 400;\">L&#8217;adquisici\u00f3 de qualsevol dels productes comporta l&#8217;acceptaci\u00f3 plena i sense reserves de totes i cadascuna de les Condicions Generals que s&#8217;indiquen, sense perjudici de l&#8217;acceptaci\u00f3 de les Condicions Particulars que poguessin ser aplicables en adquirir determinats productes.<\/span><span style=\"font-weight: 400;\"><br><\/span><span style=\"font-weight: 400;\">Aquestes Condicions Generals podran ser modificades sense notificaci\u00f3 pr\u00e8via, per tant, \u00e9s recomanable llegir atentament el seu contingut abans de procedir a l&#8217;adquisici\u00f3 de qualsevol dels productes oferts.<\/span><\/li><\/ol><br><br><ol><li><b> IDENTIFICACI\u00d3<\/b><span style=\"font-weight: 400;\"><br><\/span><span style=\"font-weight: 400;\">SHERPA, en compliment de la Llei 34\/2002, d&#8217;11 de juliol, de Serveis de la Societat de la Informaci\u00f3 i de Comer\u00e7 Electr\u00f2nic, us informa que:<\/span><span style=\"font-weight: 400;\"><br><\/span><span style=\"font-weight: 400;\">\u2022 La seva denominaci\u00f3 social \u00e9s: SHERPA IB\u00c9RICA SL.<\/span><span style=\"font-weight: 400;\"><br><\/span><span style=\"font-weight: 400;\">\u2022 El seu nom comercial \u00e9s: Marlona<\/span><span style=\"font-weight: 400;\"><br><\/span><span style=\"font-weight: 400;\">\u2022 El seu CIF \u00e9s: B44935849<\/span><span style=\"font-weight: 400;\"><br><\/span><span style=\"font-weight: 400;\">\u2022 El seu domicili social est\u00e0 a: Avda. Europa, 17 \u2013 08720 Vilafranca del Pened\u00e8s \u2013 Barcelona <\/span><span style=\"font-weight: 400;\"><br><\/span><span style=\"font-weight: 400;\">\u2022 Inscrita al Registre Mercantil de Barcelona tom 32300, foli 170, full B 210196, inscripci\u00f3 1<\/span><\/li><\/ol><br><ol start=\"2\"><li><b> COMUNICACIONS<\/b><\/li><\/ol><p><span style=\"font-weight: 400;\">Per comunicar-vos amb nosaltres, posem a la vostra disposici\u00f3 diferents mitjans de contacte que detallem a continuaci\u00f3:<\/span><span style=\"font-weight: 400;\"><br><\/span><span style=\"font-weight: 400;\">\u2022 Tel: 93 131 27 37<\/span><span style=\"font-weight: 400;\"><br><\/span><span style=\"font-weight: 400;\">\u2022 Email: info@sherpachocolat.com<\/span><span style=\"font-weight: 400;\"><br><\/span><span style=\"font-weight: 400;\">Totes les notificacions i comunicacions entre els usuaris i SHERPA es consideraran eficaces, amb car\u00e0cter general, quan es realitzin a trav\u00e9s de qualsevol mitj\u00e0 dels detallats anteriorment.<\/span><\/p><br><ol start=\"3\"><li> <b> PRODUCTES<\/b><span style=\"font-weight: 400;\"><br><\/span><span style=\"font-weight: 400;\">Els productes oferts, juntament amb les caracter\u00edstiques principals dels mateixos i el seu preu apareixen en pantalla.<\/span><span style=\"font-weight: 400;\"><br><\/span><span style=\"font-weight: 400;\">SHERPA es reserva el dret de decidir, en cada moment, els productes que s&#8217;ofereixen als Clients. D&#8217;aquesta manera, SHERPA podr\u00e0, en qualsevol moment, afegir nous productes i\/o serveis als oferts actualment. Aix\u00ed mateix SHERPA es reserva el dret a retirar o deixar d&#8217;oferir, en qualsevol moment, i sense av\u00eds previ, qualsevol dels productes oferts.<\/span><span style=\"font-weight: 400;\"><br><\/span><span style=\"font-weight: 400;\">Un cop dins de www.marlona.com, i per accedir a la contractaci\u00f3 dels diferents productes, l&#8217;Usuari haur\u00e0 de seguir totes les instruccions indicades en el proc\u00e9s de compra, la qual cosa suposar\u00e0 la lectura i acceptaci\u00f3 de totes les condicions generals i particulars fixades a www.marlona.com.<\/span><span style=\"font-weight: 400;\"><br><\/span><span style=\"font-weight: 400;\"><br><\/span><b>4. DISPONIBILITAT I SUBSTITUCIONS PRODUCTES<\/b><\/li><\/ol><p><span style=\"font-weight: 400;\">SHERPA pret\u00e9n garantir la disponibilitat de tots els productes que estan publicitats a trav\u00e9s de www.marlona.com. No obstant aix\u00f2, en el sup\u00f2sit que qualsevol producte sol\u00b7licitat no estigu\u00e9s disponible o si el mateix s&#8217;hagu\u00e9s esgotat, s&#8217;informar\u00e0 el client per via telef\u00f2nica o correu electr\u00f2nic tan aviat com sigui possible.<\/span><span style=\"font-weight: 400;\"><br><\/span><span style=\"font-weight: 400;\">De no trobar-se disponible el producte, i havent estat informat d&#8217;aix\u00f2 el client, SHERPA podr\u00e0 subministrar un producte de similars caracter\u00edstiques sense augment de preu, i en aquest cas, el client podr\u00e0 acceptar-lo o rebutjar-lo exercint el seu dret de desistiment i resoluci\u00f3 del contracte.<\/span><span style=\"font-weight: 400;\"><br><\/span><span style=\"font-weight: 400;\">En cas d&#8217;indisponibilitat de la totalitat o part de la comanda, i el rebuig dels productes de substituci\u00f3 per part del client, el reemborsament pr\u00e8viament abonat, s&#8217;efectuar\u00e0 a trav\u00e9s d&#8217;ingr\u00e9s en compte que ens faciliti el client.<\/span><\/p><br><ol start=\"5\"><li><b> PROC\u00c9S DE COMPRA I\/O CONTRACTACI\u00d3<\/b><span style=\"font-weight: 400;\"><br><\/span><span style=\"font-weight: 400;\">Per realitzar qualsevol compra a www.marlona.com, \u00e9s necessari que el client sigui major d&#8217;edat.<\/span><span style=\"font-weight: 400;\"><br><\/span><span style=\"font-weight: 400;\">Els passos a seguir per realitzar la compra s\u00f3n:<\/span><span style=\"font-weight: 400;\"><br><\/span><span style=\"font-weight: 400;\">1. Seleccionar producte\/s.<\/span><span style=\"font-weight: 400;\"><br><\/span><span style=\"font-weight: 400;\">2. Anar al carret de compra.<\/span><span style=\"font-weight: 400;\"><br><\/span><span style=\"font-weight: 400;\">3. Fer clic al bot\u00f3 [Finalitzar].<\/span><span style=\"font-weight: 400;\"><br><\/span><span style=\"font-weight: 400;\">4. Emplenar dades de facturaci\u00f3.<\/span><span style=\"font-weight: 400;\"><br><\/span><span style=\"font-weight: 400;\">5. Triar m\u00e8tode de pagament.<\/span><span style=\"font-weight: 400;\"><br><\/span><span style=\"font-weight: 400;\">6. Acceptar la pol\u00edtica de privacitat i els termes i condicions.<\/span><span style=\"font-weight: 400;\"><br><\/span><span style=\"font-weight: 400;\">7. Confirmar comanda.<\/span><span style=\"font-weight: 400;\"><br><\/span><span style=\"font-weight: 400;\">8. Recepci\u00f3 via mail de confirmaci\u00f3.<\/span><span style=\"font-weight: 400;\"><br><\/span><span style=\"font-weight: 400;\">El contracte s&#8217;arxivar\u00e0 electr\u00f2nicament<\/span><span style=\"font-weight: 400;\"><br><\/span><span style=\"font-weight: 400;\">Aix\u00ed mateix \u00e9s recomanable que el client imprimeixi i\/o guardi una c\u00f2pia en suport durador de les condicions de venda en realitzar la seva comanda, aix\u00ed com tamb\u00e9 del comprovant de recepci\u00f3 enviat per SHERPA per correu electr\u00f2nic.<\/span><span style=\"font-weight: 400;\"><br><br><\/span><\/li><\/ol><p><b>FACTURACI\u00d3<\/b><b><br><\/b><span style=\"font-weight: 400;\">A tal efecte, el client consent que aquesta factura se li remeti en format electr\u00f2nic. El client la rebr\u00e0 en paper nom\u00e9s si el client ho sol\u00b7licita, s&#8217;enviar\u00e0 amb la comanda.<\/span><\/p><br><ol start=\"6\"><li> <b> DURADA I CANCEL\u00b7LACI\u00d3 DEL CONTRACTE DURADA<\/b><b><br><\/b><span style=\"font-weight: 400;\">Fins a l&#8217;entrega de la comanda.<\/span><span style=\"font-weight: 400;\"><br><br><\/span><\/li><\/ol><p><b>CANCEL\u00b7LACI\u00d3<\/b><span style=\"font-weight: 400;\"><br><\/span><span style=\"font-weight: 400;\">No es podr\u00e0 cancel\u00b7lar o modificar la comanda un cop tramitada.<\/span><\/p><br><ol start=\"7\"><li><b> ENTREGA PRODUCTES<\/b><\/li><\/ol><p><span style=\"font-weight: 400;\">La comanda ser\u00e0 lliurada al domicili designat pel client en el moment de la contractaci\u00f3 segons la modalitat triada.<\/span><span style=\"font-weight: 400;\"><br><\/span><span style=\"font-weight: 400;\">L&#8217;\u00e0mbit d&#8217;entrega recull les seg\u00fcents zones: Nacional, nom\u00e9s pen\u00ednsula i illes Balears. No es realitzen enviaments a Can\u00e0ries, Ceuta i Melilla.<\/span><\/p><p><span style=\"font-weight: 400;\"><br><\/span><b>FORMES I TERMINIS D&#8217;ENTREGA<\/b><\/p><p><b>Transport:<\/b><span style=\"font-weight: 400;\"><br><\/span><span style=\"font-weight: 400;\">Des de la sortida del nostre magatzem, el termini d&#8217;entrega \u00e9s de 48\/72 hores. (sempre que el servei no es vegi afectat per causes alienes a l&#8217;empresa o en per\u00edodes assenyalats) <\/span><span style=\"font-weight: 400;\"><br><\/span><span style=\"font-weight: 400;\">Durant la campanya de Nadal, no es garanteixen les entregues en 48-72 hores per possible saturaci\u00f3 del servei de missatgeria.<\/span><span style=\"font-weight: 400;\"><br><\/span><span style=\"font-weight: 400;\">Si en el moment de l&#8217;entrega el client no es troba al domicili indicat, el transportista es posar\u00e0 en contacte (via tel\u00e8fon o deixar\u00e0 una nota perqu\u00e8 es posi en contacte amb l&#8217;ag\u00e8ncia de transports). D&#8217;aquesta manera, s&#8217;intentar\u00e0 coordinar una segona entrega l&#8217;endem\u00e0. A SHERPA hem organitzat la log\u00edstica d&#8217;entregues perqu\u00e8 el producte viatgi en les millors condicions, per aix\u00f2, \u00e9s important rebre la comanda a la primera entrega, no podent fer-nos responsables de l&#8217;estat del producte a partir de dos dies des de l&#8217;entrega prevista i sense que el client pugui reclamar la devoluci\u00f3 de l&#8217;import de la compra.  <\/span><span style=\"font-weight: 400;\"><br><\/span><span style=\"font-weight: 400;\"><br><\/span><b>8. PREUS, DESPESES I IMPOSTOS<\/b><span style=\"font-weight: 400;\"><br><\/span><span style=\"font-weight: 400;\">Els preus dels productes i serveis que es recullen a www.marlona.com vindran expressats en Euros llevat que s&#8217;expressi el contrari i estaran garantits durant el temps de validesa d&#8217;aquests, excepte error d&#8217;impressi\u00f3 i sigui com sigui el dest\u00ed de la comanda.<\/span><span style=\"font-weight: 400;\"><br><br><\/span><\/p><p><b>PRODUCTES<\/b><span style=\"font-weight: 400;\"><br><\/span><span style=\"font-weight: 400;\">Els preus finals de tots els productes, (i si escau, els preus finals per unitat de mesura, quan sigui obligatori) juntament amb les seves caracter\u00edstiques, les ofertes, descomptes, etc., es reflecteixen a cadascun dels articles que apareixen al cat\u00e0leg de www.marlona.com.<\/span><span style=\"font-weight: 400;\"><br><\/span><span style=\"font-weight: 400;\">\u2022 Els productes tenen l&#8217;IVA incl\u00f2s.<\/span><span style=\"font-weight: 400;\"><br><\/span><span style=\"font-weight: 400;\">\u2022 El tipus d&#8217;IVA \u00e9s del 10% en productes i 21% en transport.<\/span><span style=\"font-weight: 400;\"><br><\/span><span style=\"font-weight: 400;\">\u2022 Despeses d&#8217;enviament: Comandes inferiors a 50 \u20ac el cost de l&#8217;enviament \u00e9s de 5 \u20ac + IVA. GRATIS per a comandes superiors a 50 \u20ac. <\/span><span style=\"font-weight: 400;\"><br><\/span><span style=\"font-weight: 400;\">Els preus dels productes poden variar en qualsevol moment. En aquest cas, el preu a aplicar ser\u00e0 el vigent en la data de realitzaci\u00f3 de la comanda. De qualsevol manera, el cost final ser\u00e0 comunicat al client en el proc\u00e9s de compra electr\u00f2nica abans que aquest formalitzi la seva acceptaci\u00f3.  <\/span><\/p><br><ol start=\"9\"><li><b> FORMES DE PAGAMENT<\/b><\/li><\/ol><p><span style=\"font-weight: 400;\">Per targeta de cr\u00e8dit o d\u00e8bit<\/span><span style=\"font-weight: 400;\"><br><\/span><span style=\"font-weight: 400;\">Visa i Mastercard.<\/span><span style=\"font-weight: 400;\"><br><\/span><span style=\"font-weight: 400;\">Podeu realitzar el pagament de manera immediata a trav\u00e9s de la passarel\u00b7la de pagament segur SSL del nostre Banc. Si fos necessari realitzar qualsevol devoluci\u00f3 o cancel\u00b7laci\u00f3 de la comanda, l&#8217;import es reemborsar\u00e0 a trav\u00e9s de la mateixa targeta de pagament.<\/span><\/p><br><ol start=\"10\"><li><b> POL\u00cdTICA DE DEVOLUCIONS I DESISTIMENT<\/b><\/li><\/ol><p><span style=\"font-weight: 400;\">Segons estableix la normativa, el consumidor i usuari no podr\u00e0 DESISTIR del contracte d&#8217;acord amb l&#8217;art. 107.2 i 108 del RD1\/2007, de 16 de novembre, pel qual s&#8217;aprova el text ref\u00f3s de la Llei General per a la Defensa dels Consumidors i Usuaris.<\/span><span style=\"font-weight: 400;\"><br><\/span><span style=\"font-weight: 400;\">Aquest dret de desistiment no \u00e9s aplicable pel seg\u00fcent motiu:<\/span><span style=\"font-weight: 400;\"><br><\/span><span style=\"font-weight: 400;\">\u2022 Els contractes de subministrament de productes que per la seva naturalesa no puguin ser retornats o puguin deteriorar-se o caducar amb rapidesa.<\/span><\/p><br><ol start=\"11\"><li><b> RESPONSABILITAT I EXONERACI\u00d3 DE RESPONSABILITAT<\/b><\/li><\/ol><p><span style=\"font-weight: 400;\">El consumidor i usuari t\u00e9 dret a la reparaci\u00f3 del producte, a la seva substituci\u00f3, a la rebaixa del preu o a la resoluci\u00f3 del contracte, segons el que estableix el Cap\u00edtol II T\u00edt. IV Llibre II de la Llei General per a la Defensa dels Consumidors i Usuaris.<\/span><span style=\"font-weight: 400;\"><br><\/span><span style=\"font-weight: 400;\">Si el producte no fos conforme amb el contracte, el consumidor podr\u00e0 optar entre la reparaci\u00f3 o la substituci\u00f3 del producte, sent ambdues gratu\u00eftes per al consumidor, les quals es duran a terme en un termini de temps raonable en funci\u00f3 de la naturalesa dels productes i la finalitat a la qual estiguessin destinats.<\/span><span style=\"font-weight: 400;\"><br><\/span><span style=\"font-weight: 400;\">Si conclosa la reparaci\u00f3 i lliurat el producte, aquest continua sent no conforme al contracte, el consumidor podr\u00e0 exigir la seva substituci\u00f3, la rebaixa del preu o la resoluci\u00f3 del contracte.<\/span><\/p><br><ol start=\"12\"><li> <b> ATENCI\u00d3 AL CLIENT I RECLAMACIONS<\/b><b><br><\/b><span style=\"font-weight: 400;\">Per interposar qualsevol queixa o reclamaci\u00f3 davant SHERPA IB\u00c9RICA el client haur\u00e0 de dirigir-se al departament d&#8217;atenci\u00f3 al client b\u00e9 en el n\u00famero de tel\u00e8fon 93 131 27 37, b\u00e9 a trav\u00e9s de l&#8217;adre\u00e7a de correu electr\u00f2nic info@sherpachocolat.com.<\/span><span style=\"font-weight: 400;\"><br><\/span><span style=\"font-weight: 400;\">Segons la Resoluci\u00f3 de litigis en l\u00ednia en mat\u00e8ria de consum de la UE i conforme a l&#8217;Art. 14.1 del Reglament (UE) 524\/2013, us informem que la Comissi\u00f3 Europea facilita a tots els consumidors una plataforma de resoluci\u00f3 de litigis en l\u00ednia que es troba disponible en el seg\u00fcent enlla\u00e7: http:\/\/ec.europa.eu\/consumers\/odr\/.<\/span><\/li><\/ol><br><ol start=\"13\"><li><b> LEGISLACI\u00d3 APLICABLE<\/b><\/li><\/ol><p><span style=\"font-weight: 400;\">Les condicions presents es regiran per la legislaci\u00f3 espanyola vigent.<\/span><span style=\"font-weight: 400;\"><br><\/span><span style=\"font-weight: 400;\">La llengua utilitzada ser\u00e0 el Castell\u00e0.<\/span><\/p><br><p><span style=\"font-weight: 400;\">Dona&#8217;t d&#8217;alta<\/span><span style=\"font-weight: 400;\"><br><\/span><span style=\"font-weight: 400;\">al nostre newsletter<\/span><span style=\"font-weight: 400;\"><br><\/span><span style=\"font-weight: 400;\">Top of FormEmail *<\/span><span style=\"font-weight: 400;\"><br><\/span><span style=\"font-weight: 400;\">IdiomaCatal\u00e0Castell\u00e0<\/span><span style=\"font-weight: 400;\"><br><\/span><span style=\"font-weight: 400;\">Permisos de M\u00e0rqueting<\/span><span style=\"font-weight: 400;\"><br><\/span><span style=\"font-weight: 400;\">Les vostres dades seran utilitzades per gestionar la vostra subscripci\u00f3 i enviament d&#8217;informaci\u00f3. Marqueu les caselles per consentir el tractament d&#8217;acord amb les nostres pol\u00edtiques de privacitat: <\/span><a href=\"https:\/\/www.www.marlona.com\/politica-de-privacitat\/\"><span style=\"font-weight: 400;\">https:\/\/www.www.marlona.com\/politica-de-privacitat\/<\/span><\/a><\/p><br><p><b>Pol\u00edtica de Privacitat<\/b><\/p><p><span style=\"font-weight: 400;\">Us podeu donar de baixa en qualsevol moment fent clic a l&#8217;enlla\u00e7 que apareix al peu de p\u00e0gina dels nostres correus electr\u00f2nics. Per obtenir informaci\u00f3 sobre les nostres pr\u00e0ctiques de privacitat, visiteu el nostre lloc web. <\/span><\/p><\/li><\/ol>\t\t\t\t\t\t\t\t<\/div>\n\t\t\t\t\t<\/div>\n\t\t\t\t<\/div>\n\t\t\t\t<\/div>\n\t\t\t\t<\/div>\n\t\t","protected":false},"excerpt":{"rendered":"<p>Condicions de compra OBJECTELes presents Condicions Generals regulen l&#8217;adquisici\u00f3 dels productes oferts al lloc web www.marlona.com, del qual \u00e9s titular SHERPA IB\u00c9RICA SL (d&#8217;ara endavant, SHERPA).L&#8217;adquisici\u00f3 de qualsevol dels productes comporta l&#8217;acceptaci\u00f3 plena i sense reserves de totes i cadascuna de les Condicions Generals que s&#8217;indiquen, sense perjudici de l&#8217;acceptaci\u00f3 de les Condicions Particulars que [&hellip;]<\/p>\n","protected":false},"author":1,"featured_media":0,"parent":0,"menu_order":0,"comment_status":"closed","ping_status":"closed","template":"","meta":{"footnotes":""},"class_list":["post-1027","page","type-page","status-publish","hentry"],"yoast_head":"<!-- This site is optimized with the Yoast SEO plugin v27.1.1 - https:\/\/yoast.com\/product\/yoast-seo-wordpress\/ -->\n<title>Condicions de compra - Marlona<\/title>\n<meta name=\"robots\" content=\"noindex, nofollow\" \/>\n<meta property=\"og:locale\" content=\"ca_ES\" \/>\n<meta property=\"og:type\" content=\"article\" \/>\n<meta property=\"og:title\" content=\"Condicions de compra - Marlona\" \/>\n<meta property=\"og:description\" content=\"Condicions de compra OBJECTELes presents Condicions Generals regulen l&#8217;adquisici\u00f3 dels productes oferts al lloc web www.marlona.com, del qual \u00e9s titular SHERPA IB\u00c9RICA SL (d&#8217;ara endavant, SHERPA).L&#8217;adquisici\u00f3 de qualsevol dels productes comporta l&#8217;acceptaci\u00f3 plena i sense reserves de totes i cadascuna de les Condicions Generals que s&#8217;indiquen, sense perjudici de l&#8217;acceptaci\u00f3 de les Condicions Particulars que [&hellip;]\" \/>\n<meta property=\"og:url\" content=\"https:\/\/marlona.com\/ca\/condicions-de-compra\/\" \/>\n<meta property=\"og:site_name\" content=\"Marlona\" \/>\n<meta property=\"article:modified_time\" content=\"2026-03-31T10:19:16+00:00\" \/>\n<meta name=\"twitter:card\" content=\"summary_large_image\" \/>\n<meta name=\"twitter:label1\" content=\"Temps estimat de lectura\" \/>\n\t<meta name=\"twitter:data1\" content=\"8 minuts\" \/>\n<script type=\"application\/ld+json\" class=\"yoast-schema-graph\">{\"@context\":\"https:\/\/schema.org\",\"@graph\":[{\"@type\":\"WebPage\",\"@id\":\"https:\/\/marlona.com\/ca\/condicions-de-compra\/\",\"url\":\"https:\/\/marlona.com\/ca\/condicions-de-compra\/\",\"name\":\"Condicions de compra - Marlona\",\"isPartOf\":{\"@id\":\"https:\/\/marlona.com\/ca\/#website\"},\"datePublished\":\"2026-02-06T15:30:32+00:00\",\"dateModified\":\"2026-03-31T10:19:16+00:00\",\"breadcrumb\":{\"@id\":\"https:\/\/marlona.com\/ca\/condicions-de-compra\/#breadcrumb\"},\"inLanguage\":\"ca\",\"potentialAction\":[{\"@type\":\"ReadAction\",\"target\":[\"https:\/\/marlona.com\/ca\/condicions-de-compra\/\"]}]},{\"@type\":\"BreadcrumbList\",\"@id\":\"https:\/\/marlona.com\/ca\/condicions-de-compra\/#breadcrumb\",\"itemListElement\":[{\"@type\":\"ListItem\",\"position\":1,\"name\":\"Portada\",\"item\":\"https:\/\/marlona.com\/ca\/inici\/\"},{\"@type\":\"ListItem\",\"position\":2,\"name\":\"Condicions de compra\"}]},{\"@type\":\"WebSite\",\"@id\":\"https:\/\/marlona.com\/ca\/#website\",\"url\":\"https:\/\/marlona.com\/ca\/\",\"name\":\"Marlona\",\"description\":\"\",\"potentialAction\":[{\"@type\":\"SearchAction\",\"target\":{\"@type\":\"EntryPoint\",\"urlTemplate\":\"https:\/\/marlona.com\/ca\/?s={search_term_string}\"},\"query-input\":{\"@type\":\"PropertyValueSpecification\",\"valueRequired\":true,\"valueName\":\"search_term_string\"}}],\"inLanguage\":\"ca\"}]}<\/script>\n<!-- \/ Yoast SEO plugin. -->","yoast_head_json":{"title":"Condicions de compra - Marlona","robots":{"index":"noindex","follow":"nofollow"},"og_locale":"ca_ES","og_type":"article","og_title":"Condicions de compra - Marlona","og_description":"Condicions de compra OBJECTELes presents Condicions Generals regulen l&#8217;adquisici\u00f3 dels productes oferts al lloc web www.marlona.com, del qual \u00e9s titular SHERPA IB\u00c9RICA SL (d&#8217;ara endavant, SHERPA).L&#8217;adquisici\u00f3 de qualsevol dels productes comporta l&#8217;acceptaci\u00f3 plena i sense reserves de totes i cadascuna de les Condicions Generals que s&#8217;indiquen, sense perjudici de l&#8217;acceptaci\u00f3 de les Condicions Particulars que [&hellip;]","og_url":"https:\/\/marlona.com\/ca\/condicions-de-compra\/","og_site_name":"Marlona","article_modified_time":"2026-03-31T10:19:16+00:00","twitter_card":"summary_large_image","twitter_misc":{"Temps estimat de lectura":"8 minuts"},"schema":{"@context":"https:\/\/schema.org","@graph":[{"@type":"WebPage","@id":"https:\/\/marlona.com\/ca\/condicions-de-compra\/","url":"https:\/\/marlona.com\/ca\/condicions-de-compra\/","name":"Condicions de compra - Marlona","isPartOf":{"@id":"https:\/\/marlona.com\/ca\/#website"},"datePublished":"2026-02-06T15:30:32+00:00","dateModified":"2026-03-31T10:19:16+00:00","breadcrumb":{"@id":"https:\/\/marlona.com\/ca\/condicions-de-compra\/#breadcrumb"},"inLanguage":"ca","potentialAction":[{"@type":"ReadAction","target":["https:\/\/marlona.com\/ca\/condicions-de-compra\/"]}]},{"@type":"BreadcrumbList","@id":"https:\/\/marlona.com\/ca\/condicions-de-compra\/#breadcrumb","itemListElement":[{"@type":"ListItem","position":1,"name":"Portada","item":"https:\/\/marlona.com\/ca\/inici\/"},{"@type":"ListItem","position":2,"name":"Condicions de compra"}]},{"@type":"WebSite","@id":"https:\/\/marlona.com\/ca\/#website","url":"https:\/\/marlona.com\/ca\/","name":"Marlona","description":"","potentialAction":[{"@type":"SearchAction","target":{"@type":"EntryPoint","urlTemplate":"https:\/\/marlona.com\/ca\/?s={search_term_string}"},"query-input":{"@type":"PropertyValueSpecification","valueRequired":true,"valueName":"search_term_string"}}],"inLanguage":"ca"}]}},"_links":{"self":[{"href":"https:\/\/marlona.com\/ca\/wp-json\/wp\/v2\/pages\/1027","targetHints":{"allow":["GET"]}}],"collection":[{"href":"https:\/\/marlona.com\/ca\/wp-json\/wp\/v2\/pages"}],"about":[{"href":"https:\/\/marlona.com\/ca\/wp-json\/wp\/v2\/types\/page"}],"author":[{"embeddable":true,"href":"https:\/\/marlona.com\/ca\/wp-json\/wp\/v2\/users\/1"}],"replies":[{"embeddable":true,"href":"https:\/\/marlona.com\/ca\/wp-json\/wp\/v2\/comments?post=1027"}],"version-history":[{"count":3,"href":"https:\/\/marlona.com\/ca\/wp-json\/wp\/v2\/pages\/1027\/revisions"}],"predecessor-version":[{"id":1226,"href":"https:\/\/marlona.com\/ca\/wp-json\/wp\/v2\/pages\/1027\/revisions\/1226"}],"wp:attachment":[{"href":"https:\/\/marlona.com\/ca\/wp-json\/wp\/v2\/media?parent=1027"}],"curies":[{"name":"wp","href":"https:\/\/api.w.org\/{rel}","templated":true}]}}